{"id":3292,"date":"2026-02-23T14:32:26","date_gmt":"2026-02-23T13:32:26","guid":{"rendered":"https:\/\/martinebessiere.com\/?page_id=3292"},"modified":"2026-02-23T14:33:36","modified_gmt":"2026-02-23T13:33:36","slug":"mon-processus-de-creation","status":"publish","type":"page","link":"https:\/\/martinebessiere.com\/index.php\/mon-processus-de-creation\/","title":{"rendered":"Mon processus de cr\u00e9ation"},"content":{"rendered":"\t\t<div data-elementor-type=\"wp-page\" data-elementor-id=\"3292\" class=\"elementor elementor-3292\">\n\t\t\t\t\t\t<section class=\"elementor-section elementor-top-section elementor-element elementor-element-823f597 elementor-section-stretched elementor-section-height-min-height elementor-section-boxed elementor-section-height-default elementor-section-items-middle\" data-id=\"823f597\" data-element_type=\"section\" data-e-type=\"section\" data-settings=\"{&quot;stretch_section&quot;:&quot;section-stretched&quot;}\">\n\t\t\t\t\t\t<div class=\"elementor-container elementor-column-gap-default\">\n\t\t\t\t\t<div class=\"elementor-column elementor-col-33 elementor-top-column elementor-element elementor-element-8fa6985\" data-id=\"8fa6985\" data-element_type=\"column\" data-e-type=\"column\">\n\t\t\t<div class=\"elementor-widget-wrap elementor-element-populated\">\n\t\t\t\t\t\t<div class=\"elementor-element elementor-element-85edada elementor-widget elementor-widget-image\" data-id=\"85edada\" data-element_type=\"widget\" data-e-type=\"widget\" data-widget_type=\"image.default\">\n\t\t\t\t<div class=\"elementor-widget-container\">\n\t\t\t\t\t\t\t\t\t\t\t\t\t\t\t<img decoding=\"async\" src=\"https:\/\/martinebessiere.com\/wp-content\/uploads\/2020\/05\/IMG_4413.jpg\" title=\"IMG_4413\" alt=\"IMG_4413\" loading=\"lazy\" \/>\t\t\t\t\t\t\t\t\t\t\t\t\t\t\t<\/div>\n\t\t\t\t<\/div>\n\t\t\t\t\t<\/div>\n\t\t<\/div>\n\t\t\t\t<div class=\"elementor-column elementor-col-33 elementor-top-column elementor-element elementor-element-592c0f6\" data-id=\"592c0f6\" data-element_type=\"column\" data-e-type=\"column\">\n\t\t\t<div class=\"elementor-widget-wrap elementor-element-populated\">\n\t\t\t\t\t\t<div class=\"elementor-element elementor-element-73e8089 elementor-widget__width-initial elementor-widget elementor-widget-text-editor\" data-id=\"73e8089\" data-element_type=\"widget\" data-e-type=\"widget\" data-widget_type=\"text-editor.default\">\n\t\t\t\t<div class=\"elementor-widget-container\">\n\t\t\t\t\t\t\t\t\t<p class=\"p1\"><b>Mon inspiration et mes centres d&rsquo;int\u00e9r\u00eat .\u00a0<\/b><\/p><p class=\"p3\">Citadine au regard ouvert sur le monde, je cherche dans la marche un retour \u00e0 la nature. Lors de mes randonn\u00e9es en France, et ,pendant des ann\u00e9es, mes trekking \u00e0 l&rsquo;\u00e9tranger, les paysages rencontr\u00e9s deviennent, \u00e0 l\u2019atelier, des paysages int\u00e9rieurs o\u00f9 se m\u00ealent souvenirs, \u00e9motions et sensations.<\/p><p class=\"p3\">Mon regard sur la nature a aussi beaucoup \u00e9volu\u00e9 face au changement climatique. Les traces laiss\u00e9es par l\u2019activit\u00e9 humaine et la fragilit\u00e9 des milieux influencent d\u00e9sormais mes toiles. Mon engagement \u00e9cologique nourrit ma pratique artistique.<\/p><p class=\"p3\"><b>Vers l&rsquo;abstraction du paysage.<\/b><\/p><p class=\"p3\">J&rsquo;ai toujours peint des paysages. Au fil des ann\u00e9es et des techniques utilis\u00e9es mes paysages sont devenus atmosph\u00e9riques.<\/p><p class=\"p5\"><span class=\"s1\">Les formes se sont simplifi\u00e9es et devenues plus suggestives. <\/span><span class=\"s2\">Mes peintures sont des interpr\u00e9tations de paysages, un concentr\u00e9 de mes souvenirs de promenades et de voyages. Empreintes de lumi\u00e8re douce, elles sugg\u00e8rent plut\u00f4t que racontent une histoire sp\u00e9cifique. Les couleurs sont subtiles. Sans doute le r\u00e9sultat de mes trente ann\u00e9es de peinture \u00e0 l&rsquo;aquarelle.<\/span><\/p><p class=\"p6\">Ma palette s\u2019est resserr\u00e9e, mes compositions se sont \u00e9pur\u00e9es. La peinture \u00e0 la cire, avec ses flous et ses transparences, ouvre un espace d\u2019incertitude o\u00f9 la visibilit\u00e9 se trouble et o\u00f9 le spectateur interpr\u00e8te librement avec ses propres id\u00e9es de lieux et d&rsquo;\u00e9motions.<\/p><p class=\"p5\"><span class=\"s2\">Mes derni\u00e8res peintures tendent vers l&rsquo;abstraction pleine de myst\u00e8re et de po\u00e9sie.<\/span><\/p><p class=\"p1\"><b>Mon media : Cold wax medium.<\/b><\/p><p class=\"p1\">Je peins mes tableaux avec un m\u00e9lange (50\/50) de peinture \u00e0 l&rsquo;huile et de \u00ab\u00a0cold max m\u00e9dium\u00a0\u00bb, \u00e0 base de cire d&rsquo;abeille, de r\u00e9sine damar et d&rsquo;un peu de solvant. On peut acheter des m\u00e9dium pr\u00eats \u00e0 l&#8217;emploi, notamment avec la marque Gamblin. Je pr\u00e9f\u00e8re fabriquer moi-m\u00eame mon m\u00e9dium. C&rsquo;est plus \u00e9conomique et surtout je peux disposer sans compter de ce pr\u00e9cieux m\u00e9lange. On trouve facilement la recette sur internet.<\/p><p class=\"p1\">Mes toiles comportent de nombreuses couches, alternant pigments transparents et opaques, couleurs chaudes et froides, auxquels j&rsquo;ajoute selon l&rsquo;inspiration des pigments secs, du sable ou de la poudre de marbre pour augmenter la texture.<span class=\"Apple-converted-space\">\u00a0 <\/span>J&rsquo;utilise le gel galkyde sans solvant pour les glacis, et le liquin pour acc\u00e9l\u00e9rer de s\u00e9chage.<\/p><p class=\"p10\">La superposition, l&rsquo;effacement et le grattage des diff\u00e9rentes couches fines de cire teint\u00e9e me permettent de capturer l&rsquo;essence de moments \u00e9ph\u00e9m\u00e8res de la nature. Guid\u00e9e par l&rsquo;\u00e9motion du moment,<span class=\"Apple-converted-space\">\u00a0 <\/span>je me laisse porter par le geste, \u00e0 la recherche d&rsquo;instants magiques.<\/p><p class=\"p10\">Le plus souvent, je commence un tableau par une id\u00e9e et, souvent, le r\u00e9sultat final est tout autre. J&rsquo;ai l&rsquo;impression que c&rsquo;est la peinture qui guide mes pas. Lorsque je peins, le temps semble suspendre son cours, lib\u00e9rant mon esprit des contraintes ext\u00e9rieures pour laisser place \u00e0 la cr\u00e9ation. Entre glacis et frottis, la mati\u00e8re d\u00e9voile toute sa richesse.<\/p><p class=\"p1\"><b>Mes outils<\/b><\/p><p class=\"p1\">Avec la peinture \u00e0 la cire froide j&rsquo;ai d\u00e9couvert de nouveaux outils. Le plus utilis\u00e9 est le catalyste wedge (grattoir \u00e0 bol en silicone), qui sert \u00e0 \u00e9taler le m\u00e9lange huile\/cire. Le brayer est un rouleau \u00e0 encre qui permet d&rsquo;obtenir des voiles de couleurs tr\u00e8s subtils.<span class=\"Apple-converted-space\">\u00a0 \u00a0<\/span><\/p><p class=\"p1\">J&rsquo;utilise aussi des couteaux \u00e0 peindre, des pinceaux et d&rsquo;autres outils pour appliquer, gratter, essuyer et retirer les couches de peinture. La texture et l&rsquo;abstraction \u00e9tant au c\u0153ur de mon travail, j&rsquo;exp\u00e9rimente constamment avec diff\u00e9rents outils et techniques pour obtenir des surfaces int\u00e9ressantes.<\/p><p class=\"p1\">Quel que soit l&rsquo;outil utilis\u00e9, je gratte et incise chaque couche de peinture, cr\u00e9ant ainsi de la texture au fur et \u00e0 mesure que je \u00ab\u00a0construis\u00a0\u00bb chaque tableau.<\/p><p class=\"p1\">J&rsquo;utilise \u00e9galement des outils et des techniques non conventionnels pour appliquer et retirer les couches de peinture\u00a0: \u00e9ponges,<span class=\"Apple-converted-space\">\u00a0 <\/span>grattoirs \u00e0 poterie, mini balai, brosses \u00e0 r\u00e9curer, brochettes en bambou et autres petits mat\u00e9riels de cuisine ou de bricolage.<\/p><p class=\"p1\"><b>Supports<\/b><\/p><p class=\"p1\">La peinture \u00e0 la Cire Froide n\u00e9cessite un support rigide pour travailler les couches de peinture avec les diff\u00e9rents outils. Il est recommand\u00e9 d&rsquo;utiliser des panneaux en bois mais moi je pr\u00e9f\u00e8re peindre sur du papier Arches pour l&rsquo;huile qui est \u00e9galement conseill\u00e9 pour ce type de m\u00e9dium. Je peux ensuite maroufler mes meilleures oeuvres sur toile ou sur panneau de bois.<\/p><p class=\"p10\">Chaque tableau est une exploration, une invitation \u00e0 la contemplation et \u00e0 l&rsquo;\u00e9vasion. A travers mes oeuvres, je souhaite partager cette s\u00e9r\u00e9nit\u00e9 et cette libert\u00e9 int\u00e9rieure que la peinture m&rsquo;apporte.<\/p><p class=\"p10\">L&rsquo;art est devenu une composante essentielle de ma vie, lui donnant un sens profond. Pour reprendre les propos d&rsquo;Alexandre Hollan, \u00ab\u00a0je me donne \u00e0 cette vie s\u00e9duisante qui para\u00eet futile mais une organisation secr\u00e8te se cache en elle\u00a0\u00bb. Pour la comprendre, je participe au groupe de peintres <i>Culture Peinture <\/i>\u00e0 Gen\u00e8ve qui \u00e9tudie l&rsquo;alphabet secret des formes traduisant la g\u00e9om\u00e9trie cach\u00e9e de la nature.<\/p>\t\t\t\t\t\t\t\t<\/div>\n\t\t\t\t<\/div>\n\t\t\t\t\t<\/div>\n\t\t<\/div>\n\t\t\t\t<div class=\"elementor-column elementor-col-33 elementor-top-column elementor-element elementor-element-ef67b63\" data-id=\"ef67b63\" data-element_type=\"column\" data-e-type=\"column\">\n\t\t\t<div class=\"elementor-widget-wrap elementor-element-populated\">\n\t\t\t\t\t\t<div class=\"elementor-element elementor-element-9f0be27 elementor-widget elementor-widget-text-editor\" data-id=\"9f0be27\" data-element_type=\"widget\" data-e-type=\"widget\" data-widget_type=\"text-editor.default\">\n\t\t\t\t<div class=\"elementor-widget-container\">\n\t\t\t\t\t\t\t\t\t<h6>Les associations d&rsquo;artistes dont je suis membre \u00a0 \u00a0 \u00a0 \u00a0 \u00a0 \u00a0<\/h6><p><a href=\"https:\/\/www.artistes-meudon.com\/martinebessiere\" target=\"_blank\" rel=\"noopener\">Artistes \u00e0 Meudon \u00a0 \u00a0<\/a>\u00a0 \u00a0 \u00a0<\/p><p><a href=\"https:\/\/www.academiedartmeudon.com\" target=\"_blank\" rel=\"noopener\">L&rsquo;Acad\u00e9mie d&rsquo;Art de Meudon \u00a0<\/a>\u00a0<\/p><p><a href=\"http:\/\/www.sevriennedesarts.com\/pages\/page1.htm\" target=\"_blank\" rel=\"noopener\">La S\u00e9vrienne des Arts, S\u00e8vres<\/a><\/p><p><a href=\"https:\/\/artistedevilledavray.wordpress.com\">L&rsquo;AIVA de Ville d&rsquo;Avray<\/a><\/p><p><a href=\"https:\/\/www.facebook.com\/ForumSevrien\/?locale=fr_FR\">Le Forum S\u00e9vrien<\/a><\/p><h6>\u00a0<\/h6><p>\u00a0 \u00a0 \u00a0 \u00a0 \u00a0 \u00a0 \u00a0 \u00a0 \u00a0 \u00a0 \u00a0 \u00a0 \u00a0 \u00a0 \u00a0 \u00a0 \u00a0 \u00a0 \u00a0 \u00a0 \u00a0 \u00a0 \u00a0 \u00a0 \u00a0 \u00a0\u00a0\u00a0<\/p><p><span style=\"font-family: inherit;\"> \u00a0\u00a0 \u00a0\u00a0 \u00a0\u00a0 \u00a0\u00a0 \u00a0\u00a0 \u00a0\u00a0 \u00a0<\/span><\/p>\t\t\t\t\t\t\t\t<\/div>\n\t\t\t\t<\/div>\n\t\t\t\t\t<\/div>\n\t\t<\/div>\n\t\t\t\t\t<\/div>\n\t\t<\/section>\n\t\t\t\t<section class=\"elementor-section elementor-top-section elementor-element elementor-element-f231b07 elementor-section-stretched elementor-section-boxed elementor-section-height-default elementor-section-height-default\" data-id=\"f231b07\" data-element_type=\"section\" data-e-type=\"section\" data-settings=\"{&quot;stretch_section&quot;:&quot;section-stretched&quot;}\">\n\t\t\t\t\t\t<div class=\"elementor-container elementor-column-gap-default\">\n\t\t\t\t\t<div class=\"elementor-column elementor-col-100 elementor-top-column elementor-element elementor-element-5228219\" data-id=\"5228219\" data-element_type=\"column\" data-e-type=\"column\">\n\t\t\t<div class=\"elementor-widget-wrap elementor-element-populated\">\n\t\t\t\t\t\t<div class=\"elementor-element elementor-element-f241e0e elementor-widget elementor-widget-text-editor\" data-id=\"f241e0e\" data-element_type=\"widget\" data-e-type=\"widget\" data-widget_type=\"text-editor.default\">\n\t\t\t\t<div class=\"elementor-widget-container\">\n\t\t\t\t\t\t\t\t\t<ul><li><strong>Ce site pr\u00e9sente mes oeuvres les plus r\u00e9centes en peinture\u00a0 \u00e0 la cire. J&rsquo;ai ajout\u00e9 quelques peintures \u00e0 la cire chaude (encaustique) qui fut ma premi\u00e8re approche de la cire, et quelques unes de mes anciennes peintures \u00e0 l&rsquo;acrylique\u00a0 qui portaient d\u00e9j\u00e0 sur le paysage.<\/strong><\/li><li><strong>Peintre ind\u00e9pendante, je travaille principalement dans mon atelier \u00e0 S\u00e8vres.<\/strong><\/li><li><strong>Mais j\u2019aime aussi peindre en pr\u00e9sence d\u2019autres artistes dans le cadre d\u2019ateliers libres.<\/strong><\/li><li><strong>Je suis membre de diff\u00e9rentes associations d\u2019artistes <\/strong><\/li><li><strong>et j\u2019ai des \u00e9changes avec des amis peintres, sculpteurs, graveurs\u2026<\/strong><\/li><li><strong>Je suis abonn\u00e9e \u00e0 des organismes culturels.\u00a0<\/strong><\/li><li><strong>J\u2019utilise ma page Facebook comme un blog qui me permet de publier mes derni\u00e8res oeuvres, de d\u00e9couvrir les r\u00e9actions des abonn\u00e9s et \u00a0de suivre les artistes de la communaut\u00e9.\u00a0 \u00a0 \u00a0 \u00a0 \u00a0 \u00a0 \u00a0 \u00a0 \u00a0 \u00a0 \u00a0 \u00a0 \u00a0 \u00a0 \u00a0 \u00a0 \u00a0 \u00a0 \u00a0 \u00a0 \u00a0 \u00a0 \u00a0 \u00a0 \u00a0 \u00a0 \u00a0 \u00a0 \u00a0 \u00a0 \u00a0 \u00a0 \u00a0 \u00a0 \u00a0 \u00a0 \u00a0 \u00a0 \u00a0 \u00a0 \u00a0 \u00a0 \u00a0 \u00a0 \u00a0 \u00a0 \u00a0 \u00a0 \u00a0 \u00a0 \u00a0 \u00a0 \u00a0 \u00a0 \u00a0 \u00a0 \u00a0 \u00a0 \u00a0 \u00a0 \u00a0 \u00a0 \u00a0 \u00a0 \u00a0 \u00a0 \u00a0 \u00a0 \u00a0 \u00a0 \u00a0 \u00a0 \u00a0 \u00a0 \u00a0 \u00a0 \u00a0 \u00a0 \u00a0 \u00a0 \u00a0 \u00a0 \u00a0 \u00a0 \u00a0 \u00a0 \u00a0 \u00a0 \u00a0 \u00a0 \u00a0 \u00a0 \u00a0 \u00a0 \u00a0 \u00a0 \u00a0 \u00a0 \u00a0 \u00a0 \u00a0 \u00a0 \u00a0 \u00a0 \u00a0 \u00a0 \u00a0 \u00a0 \u00a0 \u00a0 \u00a0 \u00a0\u00a0<\/strong><strong>\u00a0<\/strong><strong>\u00a0 \u00a0 \u00a0 \u00a0 \u00a0 \u00a0 \u00a0 \u00a0 \u00a0 \u00a0 \u00a0 \u00a0 \u00a0 \u00a0 \u00a0 \u00a0 \u00a0 \u00a0 \u00a0 \u00a0 \u00a0 \u00a0 \u00a0<\/strong><strong> \u00a0 \u00a0 \u00a0 \u00a0 \u00a0 \u00a0 \u00a0 \u00a0 \u00a0 \u00a0 \u00a0 \u00a0 \u00a0 \u00a0 \u00a0 \u00a0 \u00a0 \u00a0 \u00a0 \u00a0 \u00a0 \u00a0 \u00a0 \u00a0 \u00a0 \u00a0 \u00a0 \u00a0 \u00a0 \u00a0 \u00a0 \u00a0 \u00a0 \u00a0 \u00a0 \u00a0 \u00a0 \u00a0 \u00a0 \u00a0 \u00a0 \u00a0 \u00a0 \u00a0 \u00a0 \u00a0 \u00a0 \u00a0 \u00a0 \u00a0 \u00a0 \u00a0 \u00a0 \u00a0 \u00a0 \u00a0 \u00a0 \u00a0 \u00a0\u00a0<\/strong><strong><a href=\"https:\/\/www.facebook.com\/martine.bessiere.10\"><img decoding=\"async\" class=\"alignnone wp-image-1126\" src=\"http:\/\/martinebessiere.com\/wp-content\/uploads\/2017\/03\/logo-facebook.png\" alt=\"\" width=\"25\" height=\"25\" \/><\/a><\/strong><\/li><\/ul>\t\t\t\t\t\t\t\t<\/div>\n\t\t\t\t<\/div>\n\t\t\t\t\t<\/div>\n\t\t<\/div>\n\t\t\t\t\t<\/div>\n\t\t<\/section>\n\t\t\t\t<section class=\"elementor-section elementor-top-section elementor-element elementor-element-439c700 elementor-section-stretched elementor-section-boxed elementor-section-height-default elementor-section-height-default\" data-id=\"439c700\" data-element_type=\"section\" data-e-type=\"section\" data-settings=\"{&quot;stretch_section&quot;:&quot;section-stretched&quot;}\">\n\t\t\t\t\t\t<div class=\"elementor-container elementor-column-gap-default\">\n\t\t\t\t\t<div class=\"elementor-column elementor-col-50 elementor-top-column elementor-element elementor-element-3ddd5d4\" data-id=\"3ddd5d4\" data-element_type=\"column\" data-e-type=\"column\">\n\t\t\t<div class=\"elementor-widget-wrap elementor-element-populated\">\n\t\t\t\t\t\t<div class=\"elementor-element elementor-element-e65f94b elementor-widget elementor-widget-text-editor\" data-id=\"e65f94b\" data-element_type=\"widget\" data-e-type=\"widget\" data-widget_type=\"text-editor.default\">\n\t\t\t\t<div class=\"elementor-widget-container\">\n\t\t\t\t\t\t\t\t\t<h5>\u00a0<\/h5><div data-id=\"b297d40\" data-element_type=\"widget\" data-model-cid=\"c59\" data-widget_type=\"text-editor.default\"><h6>\u00a0<\/h6><\/div>\t\t\t\t\t\t\t\t<\/div>\n\t\t\t\t<\/div>\n\t\t\t\t\t<\/div>\n\t\t<\/div>\n\t\t\t\t<div class=\"elementor-column elementor-col-50 elementor-top-column elementor-element elementor-element-69d109d\" data-id=\"69d109d\" data-element_type=\"column\" data-e-type=\"column\">\n\t\t\t<div class=\"elementor-widget-wrap elementor-element-populated\">\n\t\t\t\t\t\t<div class=\"elementor-element elementor-element-dac161c elementor-widget__width-initial elementor-widget elementor-widget-text-editor\" data-id=\"dac161c\" data-element_type=\"widget\" data-e-type=\"widget\" data-widget_type=\"text-editor.default\">\n\t\t\t\t<div class=\"elementor-widget-container\">\n\t\t\t\t\t\t\t\t\t<h6>Les artistes contemporains qui m&rsquo;inspirent&#8230;<\/h6><p><a href=\"https:\/\/www.centrepompidou.fr\/cpv\/agenda\/event.action?param.id=FR_R-267f62e8387417b70b7a0fcd98aef94&amp;param.idSource=FR_E-267f62e8387417b70b7a0fcd98aef94\" target=\"_blank\" rel=\"noopener\">\u00a0Anselm Kiefer<\/a>, Alexandre <a href=\"http:\/\/www.galerielignetreize.ch\/art\/artistes\/alexandre-hollan\/\">Hollan<\/a><a href=\"http:\/\/www.galerielignetreize.ch\/art\/artistes\/alexandre-hollan\/http:\/\/martinebessiere.com\/wp-admin\/post.php?post=2243&amp;action=elementor\" target=\"_blank\" rel=\"noopener\">, Christian \u00a0Hetzel,<\/a> Yan <a href=\"https:\/\/www.instagram.com\/yanmarczewski\/?hl=fr\">Marczewski<\/a>, \u00a0<a href=\"https:\/\/www.gerhard-richter.com\/fr\/art\/paintings\" target=\"_blank\" rel=\"noopener\">Gerhard Richter <\/a><a href=\"https:\/\/www.gerhard-richter.com\/fr\/art\/paintings\" target=\"_blank\" rel=\"noopener\">,<\/a>\u00a0<a href=\"https:\/\/webmuseo.com\/ws\/tal-coat\/app\/collection\/expo\/1\">Tal Coat<\/a>,\u00a0<a href=\"https:\/\/www.pinterest.fr\/pin\/347551296220429648\/\" target=\"_blank\" rel=\"noopener\">Thalami Xanthippe,<\/a> Hel\u00e8ne Leroy.<\/p><h6>et les sp\u00e9cialistes de la peinture \u00e0 la cire<\/h6><h6>Rebecca Crowell,\u00a0 Paula Dunn.<\/h6>\t\t\t\t\t\t\t\t<\/div>\n\t\t\t\t<\/div>\n\t\t\t\t\t<\/div>\n\t\t<\/div>\n\t\t\t\t\t<\/div>\n\t\t<\/section>\n\t\t\t\t<\/div>\n\t\t","protected":false},"excerpt":{"rendered":"<p>Mon inspiration et mes centres d&rsquo;int\u00e9r\u00eat .\u00a0 Citadine au regard ouvert sur le monde, je cherche dans la marche un &hellip; <a href=\"https:\/\/martinebessiere.com\/index.php\/mon-processus-de-creation\/\" class=\"more-link\">Continue reading <span class=\"screen-reader-text\">Mon processus de cr\u00e9ation<\/span><\/a><\/p>\n","protected":false},"author":2,"featured_media":0,"parent":0,"menu_order":0,"comment_status":"closed","ping_status":"closed","template":"","meta":{"_vp_format_video_url":"","_vp_image_focal_point":[],"footnotes":""},"class_list":["post-3292","page","type-page","status-publish","hentry"],"jetpack_sharing_enabled":true,"_links":{"self":[{"href":"https:\/\/martinebessiere.com\/index.php\/wp-json\/wp\/v2\/pages\/3292","targetHints":{"allow":["GET"]}}],"collection":[{"href":"https:\/\/martinebessiere.com\/index.php\/wp-json\/wp\/v2\/pages"}],"about":[{"href":"https:\/\/martinebessiere.com\/index.php\/wp-json\/wp\/v2\/types\/page"}],"author":[{"embeddable":true,"href":"https:\/\/martinebessiere.com\/index.php\/wp-json\/wp\/v2\/users\/2"}],"replies":[{"embeddable":true,"href":"https:\/\/martinebessiere.com\/index.php\/wp-json\/wp\/v2\/comments?post=3292"}],"version-history":[{"count":4,"href":"https:\/\/martinebessiere.com\/index.php\/wp-json\/wp\/v2\/pages\/3292\/revisions"}],"predecessor-version":[{"id":3296,"href":"https:\/\/martinebessiere.com\/index.php\/wp-json\/wp\/v2\/pages\/3292\/revisions\/3296"}],"wp:attachment":[{"href":"https:\/\/martinebessiere.com\/index.php\/wp-json\/wp\/v2\/media?parent=3292"}],"curies":[{"name":"wp","href":"https:\/\/api.w.org\/{rel}","templated":true}]}}