{"id":3271,"date":"2026-02-16T21:36:00","date_gmt":"2026-02-16T20:36:00","guid":{"rendered":"https:\/\/martinebessiere.com\/?page_id=3271"},"modified":"2026-02-28T18:06:42","modified_gmt":"2026-02-28T17:06:42","slug":"decouverte-de-la-peinture-a-la-cire","status":"publish","type":"page","link":"https:\/\/martinebessiere.com\/index.php\/decouverte-de-la-peinture-a-la-cire\/","title":{"rendered":"Decouverte de la peinture \u00e0 la cire &#8230;."},"content":{"rendered":"\t\t<div data-elementor-type=\"wp-page\" data-elementor-id=\"3271\" class=\"elementor elementor-3271\">\n\t\t\t\t\t\t<section class=\"elementor-section elementor-top-section elementor-element elementor-element-93e1eaf elementor-section-stretched elementor-section-boxed elementor-section-height-default elementor-section-height-default\" data-id=\"93e1eaf\" data-element_type=\"section\" data-e-type=\"section\" data-settings=\"{&quot;stretch_section&quot;:&quot;section-stretched&quot;,&quot;background_background&quot;:&quot;classic&quot;}\">\n\t\t\t\t\t\t<div class=\"elementor-container elementor-column-gap-default\">\n\t\t\t\t\t<div class=\"elementor-column elementor-col-100 elementor-top-column elementor-element elementor-element-3dee8c7\" data-id=\"3dee8c7\" data-element_type=\"column\" data-e-type=\"column\">\n\t\t\t<div class=\"elementor-widget-wrap elementor-element-populated\">\n\t\t\t\t\t\t<div class=\"elementor-element elementor-element-f630fb1 elementor-widget__width-initial elementor-widget elementor-widget-text-editor\" data-id=\"f630fb1\" data-element_type=\"widget\" data-e-type=\"widget\" data-widget_type=\"text-editor.default\">\n\t\t\t\t<div class=\"elementor-widget-container\">\n\t\t\t\t\t\t\t\t\t<p class=\"p1\"><b>Qu\u2019est-ce que la peinture \u00e0 la cire ?<\/b><\/p><p>\u00a0<\/p><p class=\"p2\">La peinture \u00e0 la cire est un m\u00e9dium ancien et fascinant qui utilise la cire d\u2019abeille comme liant des pigments. Elle offre une texture singuli\u00e8re, une profondeur lumineuse et une grande durabilit\u00e9. D\u00e9j\u00e0 pratiqu\u00e9e dans l\u2019Antiquit\u00e9 \u2014 notamment dans les portraits du Fayoum \u2014 elle conna\u00eet aujourd\u2019hui un v\u00e9ritable renouveau aupr\u00e8s des artistes contemporains gr\u00e2ce \u00e0 sa richesse plastique et \u00e0 la libert\u00e9 d\u2019exp\u00e9rimentation qu\u2019elle permet.<\/p><p class=\"p3\">L&rsquo; encaustique est une technique artistique ancienne de peinture qui remonte \u00e0 l&rsquo;Antiquit\u00e9. Elle \u00e9tait notamment utilis\u00e9e par les \u00c9gyptiens pour les portraits fun\u00e9raires de Fayoum<span class=\"Apple-converted-space\">\u00a0 <\/span>mais elle \u00e9tait d\u00e9j\u00e0 utilis\u00e9e en Gr\u00e8ce, au 5\u00e8 si\u00e8cle avant notre \u00e9re.<\/p><p class=\"p3\">Le mot encaustique vient du grec enkaustikos qui signifie : faire br\u00fbler, graver par le feu. Ce m\u00e9dium est g\u00e9n\u00e9ralement compos\u00e9e de cires d\u2019abeilles m\u00e9lang\u00e9es \u00e0 un ol\u00e9or\u00e9sineux tel que la r\u00e9sine naturelle Dammar.\u00a0<\/p>\t\t\t\t\t\t\t\t<\/div>\n\t\t\t\t<\/div>\n\t\t\t\t\t<\/div>\n\t\t<\/div>\n\t\t\t\t\t<\/div>\n\t\t<\/section>\n\t\t\t\t<section class=\"elementor-section elementor-top-section elementor-element elementor-element-1cf79e7 elementor-section-boxed elementor-section-height-default elementor-section-height-default\" data-id=\"1cf79e7\" data-element_type=\"section\" data-e-type=\"section\">\n\t\t\t\t\t\t<div class=\"elementor-container elementor-column-gap-default\">\n\t\t\t\t\t<div class=\"elementor-column elementor-col-100 elementor-top-column elementor-element elementor-element-be1eb0b\" data-id=\"be1eb0b\" data-element_type=\"column\" data-e-type=\"column\">\n\t\t\t<div class=\"elementor-widget-wrap elementor-element-populated\">\n\t\t\t\t\t\t<div class=\"elementor-element elementor-element-541d326 elementor-widget__width-initial elementor-widget elementor-widget-image\" data-id=\"541d326\" data-element_type=\"widget\" data-e-type=\"widget\" data-widget_type=\"image.default\">\n\t\t\t\t<div class=\"elementor-widget-container\">\n\t\t\t\t\t\t\t\t\t\t\t\t\t\t\t<img decoding=\"async\" width=\"180\" height=\"234\" src=\"https:\/\/martinebessiere.com\/wp-content\/uploads\/2026\/02\/images.jpeg\" class=\"attachment-large size-large wp-image-3259\" alt=\"\" srcset=\"https:\/\/martinebessiere.com\/wp-content\/uploads\/2026\/02\/images.jpeg 180w, https:\/\/martinebessiere.com\/wp-content\/uploads\/2026\/02\/images-89x116.jpeg 89w\" sizes=\"(max-width: 180px) 100vw, 180px\" \/>\t\t\t\t\t\t\t\t\t\t\t\t\t\t\t<\/div>\n\t\t\t\t<\/div>\n\t\t\t\t\t<\/div>\n\t\t<\/div>\n\t\t\t\t\t<\/div>\n\t\t<\/section>\n\t\t\t\t<section class=\"elementor-section elementor-top-section elementor-element elementor-element-122b59e elementor-section-stretched elementor-section-boxed elementor-section-height-default elementor-section-height-default\" data-id=\"122b59e\" data-element_type=\"section\" data-e-type=\"section\" data-settings=\"{&quot;stretch_section&quot;:&quot;section-stretched&quot;}\">\n\t\t\t\t\t\t<div class=\"elementor-container elementor-column-gap-default\">\n\t\t\t\t\t<div class=\"elementor-column elementor-col-100 elementor-top-column elementor-element elementor-element-c152b9e\" data-id=\"c152b9e\" data-element_type=\"column\" data-e-type=\"column\">\n\t\t\t<div class=\"elementor-widget-wrap elementor-element-populated\">\n\t\t\t\t\t\t<div class=\"elementor-element elementor-element-921566e elementor-widget elementor-widget-text-editor\" data-id=\"921566e\" data-element_type=\"widget\" data-e-type=\"widget\" data-widget_type=\"text-editor.default\">\n\t\t\t\t<div class=\"elementor-widget-container\">\n\t\t\t\t\t\t\t\t\t<p class=\"p2\"><i>Les \u00ab portraits du Fayoum \u00bb sont un ensemble de peintures remontant \u00e0 l&rsquo;\u00c9gypte romaine ex\u00e9cut\u00e9s \u00e0 partir du I\u1d49\u02b3 si\u00e8cle jusqu&rsquo;au milieu du III\u1d49 si\u00e8cle. Ce sont des portraits fun\u00e9raires peints d&rsquo;individus, adultes ou enfants, ins\u00e9r\u00e9s dans les bandelettes au niveau du visage de la momie.<\/i><\/p><p class=\"p4\">Il existe deux grandes familles de peinture \u00e0 la cire :<br \/><b>la cire chaude (encaustique)<\/b> et <b>la cire froide<\/b>. Chacune poss\u00e8de ses techniques, ses outils et son univers esth\u00e9tique.<\/p><p class=\"p6\">LA PEINTURE A LA CIRE CHAUDE (ENCAUSTIQUE)<\/p><p class=\"p7\"><b>Le processus.<\/b><\/p><ul class=\"ul1\"><li class=\"li8\"><b><\/b><span class=\"s2\"><b>Pr\u00e9paration de la cire :<\/b><\/span><\/li><li class=\"li8\"><span class=\"s2\"><b> <\/b>La cire d&rsquo;abeille est m\u00e9lang\u00e9e avec de la r\u00e9sine (souvent de la r\u00e9sine dammar) pour augmenter sa duret\u00e9 et sa brillance. Ce m\u00e9lange est chauff\u00e9 jusqu&rsquo;\u00e0 ce qu&rsquo;il devienne liquide. <\/span><span class=\"s3\">Les pigments sont m\u00e9lang\u00e9s \u00e0 la cire fondue.<\/span><\/li><\/ul>\t\t\t\t\t\t\t\t<\/div>\n\t\t\t\t<\/div>\n\t\t\t\t\t<\/div>\n\t\t<\/div>\n\t\t\t\t\t<\/div>\n\t\t<\/section>\n\t\t\t\t<section class=\"elementor-section elementor-top-section elementor-element elementor-element-ec2b8b9 elementor-section-stretched elementor-section-boxed elementor-section-height-default elementor-section-height-default\" data-id=\"ec2b8b9\" data-element_type=\"section\" data-e-type=\"section\" data-settings=\"{&quot;stretch_section&quot;:&quot;section-stretched&quot;}\">\n\t\t\t\t\t\t<div class=\"elementor-container elementor-column-gap-default\">\n\t\t\t\t\t<div class=\"elementor-column elementor-col-100 elementor-top-column elementor-element elementor-element-57fd622\" data-id=\"57fd622\" data-element_type=\"column\" data-e-type=\"column\">\n\t\t\t<div class=\"elementor-widget-wrap elementor-element-populated\">\n\t\t\t\t\t\t<div class=\"elementor-element elementor-element-4921998 elementor-widget elementor-widget-image\" data-id=\"4921998\" data-element_type=\"widget\" data-e-type=\"widget\" data-widget_type=\"image.default\">\n\t\t\t\t<div class=\"elementor-widget-container\">\n\t\t\t\t\t\t\t\t\t\t\t\t\t\t\t<img fetchpriority=\"high\" decoding=\"async\" width=\"1024\" height=\"768\" src=\"https:\/\/martinebessiere.com\/wp-content\/uploads\/2026\/02\/IMG_9878-copie-scaled.jpg\" class=\"attachment-large size-large wp-image-3261\" alt=\"\" srcset=\"https:\/\/martinebessiere.com\/wp-content\/uploads\/2026\/02\/IMG_9878-copie-scaled.jpg 2560w, https:\/\/martinebessiere.com\/wp-content\/uploads\/2026\/02\/IMG_9878-copie-300x225.jpg 300w\" sizes=\"(max-width: 1024px) 100vw, 1024px\" \/>\t\t\t\t\t\t\t\t\t\t\t\t\t\t\t<\/div>\n\t\t\t\t<\/div>\n\t\t\t\t\t<\/div>\n\t\t<\/div>\n\t\t\t\t\t<\/div>\n\t\t<\/section>\n\t\t\t\t<section class=\"elementor-section elementor-top-section elementor-element elementor-element-78e0217 elementor-section-stretched elementor-section-boxed elementor-section-height-default elementor-section-height-default\" data-id=\"78e0217\" data-element_type=\"section\" data-e-type=\"section\" data-settings=\"{&quot;stretch_section&quot;:&quot;section-stretched&quot;}\">\n\t\t\t\t\t\t<div class=\"elementor-container elementor-column-gap-default\">\n\t\t\t\t\t<div class=\"elementor-column elementor-col-100 elementor-top-column elementor-element elementor-element-8eb8e64\" data-id=\"8eb8e64\" data-element_type=\"column\" data-e-type=\"column\">\n\t\t\t<div class=\"elementor-widget-wrap elementor-element-populated\">\n\t\t\t\t\t\t<div class=\"elementor-element elementor-element-fc2b723 elementor-widget elementor-widget-text-editor\" data-id=\"fc2b723\" data-element_type=\"widget\" data-e-type=\"widget\" data-widget_type=\"text-editor.default\">\n\t\t\t\t<div class=\"elementor-widget-container\">\n\t\t\t\t\t\t\t\t\t<ul class=\"ul1\"><li class=\"li1\"><b><\/b><span class=\"s2\"><b>Application <\/b>: Les cires teint\u00e9es sont maintenues au chaud sur une plaque \u00e9lectrique <\/span><span class=\"s3\">puis appliqu\u00e9s sur le support (souvent du bois ou de la toile) \u00e0 l&rsquo;aide de pinceaux ou de brosses.<\/span><\/li><li class=\"li1\"><b><\/b><span class=\"s2\"><b>Fusion <\/b>: <\/span><span class=\"s3\">Chaque couche de cire est chauff\u00e9e \u00e0 l&rsquo;aide d&rsquo;un d\u00e9capeur thermique pour la faire fondre et la fusionner \u00e0 la couche pr\u00e9c\u00e9dente. Cela cr\u00e9e une surface lisse et durable. La couche de cire durcit d\u00e8s qu&rsquo;on arr\u00eate de la chauffer.<\/span><\/li><\/ul><p class=\"p2\"><b>Le mat\u00e9riel <\/b><\/p><ul class=\"ul2\"><li class=\"li3\">Plaques chauffantes, d\u00e9capeur thermique, chalumeau<\/li><li class=\"li3\">Cire d\u2019abeille + r\u00e9sine damar + pigments<\/li><li class=\"li3\">Supports r\u00e9sistants \u00e0 la chaleur (bois, panneaux rigides, carton bois)<\/li><li class=\"li3\">Spatules, pinceaux en poils de ch\u00e8vre, couteaux, outils de gravure<\/li><\/ul><p class=\"p2\"><b>Qualit\u00e9s artistiques<\/b><\/p><ul class=\"ul2\"><li class=\"li3\"><b>Transparence et profondeur<\/b> comparables au verre ou \u00e0 la laque. La cire donne une profondeur et une luminosit\u00e9 uniques.<\/li><li class=\"li3\"><b>Relief et mati\u00e8re<\/b> gr\u00e2ce aux superpositions et aux empreintes. Cr\u00e9ation de textures vari\u00e9es.<\/li><li class=\"li3\"><b>Surface satin\u00e9e et lumineuse<\/b> pouvant \u00eatre polie.<\/li><li class=\"li3\">Possibilit\u00e9 d\u2019int\u00e9grer du <b>collage<\/b>, des inclusions, du dessin grav\u00e9<\/li><li class=\"li3\"><b>Durabilit\u00e9.<\/b> Les peintures encaustiques sont tr\u00e8s durables et r\u00e9sistantes \u00e0 l&rsquo;humidit\u00e9.<\/li><\/ul><p class=\"p3\">L\u2019encaustique favorise une d\u00e9marche intuitive, sensorielle et exp\u00e9rimentale, o\u00f9 la mati\u00e8re devient actrice de la composition.<\/p>\t\t\t\t\t\t\t\t<\/div>\n\t\t\t\t<\/div>\n\t\t\t\t\t<\/div>\n\t\t<\/div>\n\t\t\t\t\t<\/div>\n\t\t<\/section>\n\t\t\t\t<section class=\"elementor-section elementor-top-section elementor-element elementor-element-6c0b777 elementor-section-stretched elementor-section-boxed elementor-section-height-default elementor-section-height-default\" data-id=\"6c0b777\" data-element_type=\"section\" data-e-type=\"section\" data-settings=\"{&quot;stretch_section&quot;:&quot;section-stretched&quot;}\">\n\t\t\t\t\t\t<div class=\"elementor-container elementor-column-gap-default\">\n\t\t\t\t\t<div class=\"elementor-column elementor-col-100 elementor-top-column elementor-element elementor-element-0c07c3e\" data-id=\"0c07c3e\" data-element_type=\"column\" data-e-type=\"column\">\n\t\t\t<div class=\"elementor-widget-wrap elementor-element-populated\">\n\t\t\t\t\t\t<div class=\"elementor-element elementor-element-102ad70 elementor-widget elementor-widget-image\" data-id=\"102ad70\" data-element_type=\"widget\" data-e-type=\"widget\" data-widget_type=\"image.default\">\n\t\t\t\t<div class=\"elementor-widget-container\">\n\t\t\t\t\t\t\t\t\t\t\t\t\t\t\t<img decoding=\"async\" src=\"https:\/\/martinebessiere.com\/wp-content\/uploads\/2026\/02\/martine.bessiere.meragitee.fnormal.png\" title=\"\" alt=\"\" loading=\"lazy\" \/>\t\t\t\t\t\t\t\t\t\t\t\t\t\t\t<\/div>\n\t\t\t\t<\/div>\n\t\t\t\t\t<\/div>\n\t\t<\/div>\n\t\t\t\t\t<\/div>\n\t\t<\/section>\n\t\t\t\t<section class=\"elementor-section elementor-top-section elementor-element elementor-element-96f091e elementor-section-stretched elementor-section-boxed elementor-section-height-default elementor-section-height-default\" data-id=\"96f091e\" data-element_type=\"section\" data-e-type=\"section\" data-settings=\"{&quot;stretch_section&quot;:&quot;section-stretched&quot;}\">\n\t\t\t\t\t\t<div class=\"elementor-container elementor-column-gap-default\">\n\t\t\t\t\t<div class=\"elementor-column elementor-col-100 elementor-top-column elementor-element elementor-element-e71a9b3\" data-id=\"e71a9b3\" data-element_type=\"column\" data-e-type=\"column\">\n\t\t\t<div class=\"elementor-widget-wrap elementor-element-populated\">\n\t\t\t\t\t\t<div class=\"elementor-element elementor-element-b7e75ed elementor-widget elementor-widget-text-editor\" data-id=\"b7e75ed\" data-element_type=\"widget\" data-e-type=\"widget\" data-widget_type=\"text-editor.default\">\n\t\t\t\t<div class=\"elementor-widget-container\">\n\t\t\t\t\t\t\t\t\t<p class=\"p1\"><b>Les avantages.<\/b><b><\/b><\/p><ul class=\"ul1\"><li class=\"li2\"><b><\/b><span class=\"s2\"><b> Disponibilit\u00e9 :<\/b><\/span> Le medium durcit d\u00e8s qu&rsquo;on arr\u00eate de le chauffer.<span class=\"Apple-converted-space\">\u00a0 <\/span>L&rsquo;oeuvre est disponible imm\u00e9diatement<span class=\"s2\"><b>.<\/b><\/span><\/li><li class=\"li2\"><b><\/b><span class=\"s2\"><b>Relief : <\/b><\/span>La cire peut se travailler comme une sculpture avec des mirettes, des grattoirs, des gouges\u2026<\/li><\/ul><p class=\"p2\"><span class=\"s2\"><b>&#8211; <span class=\"Apple-converted-space\">\u00a0 <\/span>Conservation : <\/b><\/span>La cire chaude est extr\u00eamement durable : elle ne jaunit pas, ne craquelle pas et r\u00e9siste au temps. Les \u0153uvres doivent toutefois \u00eatre prot\u00e9g\u00e9es de la chaleur excessive et des rayons directs du soleil.<\/p><p class=\"p4\">Bien que je me soit bien amus\u00e9e \u00e0 pratiquer la peinture \u00e0 l&rsquo;encaustique et que j&rsquo;appr\u00e9cie \u00e9norm\u00e9ment ses propri\u00e9t\u00e9s tactiles et son caract\u00e8re impr\u00e9visible, je pr\u00e9f\u00e8re maintenant travailler avec la cire froide qui n\u00e9cessite moins de mat\u00e9riel. J&rsquo;ai cr\u00e9\u00e9 cette page pour clarifier les diff\u00e9rences \u2013 et les similitudes \u2013 entre la peinture \u00e0 l&rsquo;encaustique et la peinture \u00e0 la cire froide.<\/p><p class=\"p4\">La principale diff\u00e9rence entre l&rsquo;encaustique et la cire froide r\u00e9side dans le fait que, pour la peinture \u00e0 l&rsquo;encaustique, la cire doit \u00eatre fondue puis r\u00e9chauff\u00e9e (fusionn\u00e9e) une fois appliqu\u00e9e sur le support, tandis que pour la peinture \u00e0 la cire froide, aucune chaleur n&rsquo;est n\u00e9cessaire.<\/p><p class=\"p8\">LA PEINTURE A LA CIRE FROIDE<\/p><p class=\"p1\"><b>Le processus.<\/b><b><\/b><\/p><ul class=\"ul1\"><li class=\"li10\"><b> Pr\u00e9paration <\/b>: La cire froide utilise un <b>m\u00e9dium \u00e0 base de cire<\/b> m\u00e9lang\u00e9 \u00e0 un solvant ou \u00e0 un liant huileux, ce qui permet de maintenir la cire molle<span class=\"Apple-converted-space\">\u00a0 <\/span>et donc de la travailler <b>sans chauffage<\/b>. Elle se rapproche de la peinture \u00e0 l\u2019huile tout en conservant l\u2019aspect velout\u00e9 et mat caract\u00e9ristique de la cire.<\/li><\/ul><p class=\"p10\"><span class=\"Apple-converted-space\">\u00a0 \u00a0 \u00a0 <\/span>On peut acheter le m\u00e9dium tout pr\u00e9par\u00e9. La r\u00e9f\u00e9rence est la marque G amblin (cold<span class=\"Apple-converted-space\">\u00a0 \u00a0 <\/span>max m\u00e9dium). Mais on peut aussi la pr\u00e9parer soi-m\u00eame. C&rsquo;est ce que je fais parce que c&rsquo;est plus \u00e9conomique et on peut en pr\u00e9parer beaucoup d&rsquo;avance.<\/p><ul class=\"ul1\"><li class=\"li12\"><b><\/b><span class=\"s4\"><b>Application <\/b>: <\/span><b> <\/b><span class=\"s4\">La cire froide est appliqu\u00e9e directement sur le support \u00e0 l&rsquo;aide de pinceaux, de couteaux, de rouleaux, de spatule en silicone. Elle peut \u00eatre travaill\u00e9e de mani\u00e8re similaire \u00e0 la peinture \u00e0 l&rsquo;huile ou \u00e0 l&rsquo;acrylique. La cire froide se travaille par glacis, frottis, grattage, estompe.<\/span><\/li><li class=\"li13\"><b><\/b><span class=\"s6\"><b>S\u00e9chage <\/b><\/span><span class=\"s7\"><b>: <\/b><\/span><span class=\"s4\">Une couche fine de peinture s\u00e8che \u00e0 l&rsquo;air en 24 h, formant une surface mate.<span class=\"Apple-converted-space\">\u00a0 <\/span>Elle s\u00e8che par \u00e9vaporation du solvant et durcit progressivement.<\/span><\/li><\/ul><p class=\"p14\"><b>Le mat\u00e9riel <\/b><\/p><ul class=\"ul2\"><li class=\"li10\">M\u00e9dium de cire froide (cire + liant \/ solvant) &#8211; Gamblin Cold Wax Medium<\/li><li class=\"li10\">Pigments ou peinture \u00e0 l\u2019huile en tube<\/li><\/ul>\t\t\t\t\t\t\t\t<\/div>\n\t\t\t\t<\/div>\n\t\t\t\t<div class=\"elementor-element elementor-element-ad33890 elementor-widget elementor-widget-image\" data-id=\"ad33890\" data-element_type=\"widget\" data-e-type=\"widget\" data-widget_type=\"image.default\">\n\t\t\t\t<div class=\"elementor-widget-container\">\n\t\t\t\t\t\t\t\t\t\t\t\t\t\t\t<img decoding=\"async\" width=\"300\" height=\"300\" src=\"https:\/\/martinebessiere.com\/wp-content\/uploads\/2026\/02\/martine.bessiere.hommageaturner-300x300.jpeg\" class=\"attachment-medium size-medium wp-image-2805\" alt=\"\" srcset=\"https:\/\/martinebessiere.com\/wp-content\/uploads\/2026\/02\/martine.bessiere.hommageaturner-300x300.jpeg 300w, https:\/\/martinebessiere.com\/wp-content\/uploads\/2026\/02\/martine.bessiere.hommageaturner-150x150.jpeg 150w, https:\/\/martinebessiere.com\/wp-content\/uploads\/2026\/02\/martine.bessiere.hommageaturner-500x500.jpeg 500w, https:\/\/martinebessiere.com\/wp-content\/uploads\/2026\/02\/martine.bessiere.hommageaturner-116x116.jpeg 116w, https:\/\/martinebessiere.com\/wp-content\/uploads\/2026\/02\/martine.bessiere.hommageaturner.jpeg 640w\" sizes=\"(max-width: 300px) 100vw, 300px\" \/>\t\t\t\t\t\t\t\t\t\t\t\t\t\t\t<\/div>\n\t\t\t\t<\/div>\n\t\t\t\t<div class=\"elementor-element elementor-element-f61c385 elementor-widget elementor-widget-text-editor\" data-id=\"f61c385\" data-element_type=\"widget\" data-e-type=\"widget\" data-widget_type=\"text-editor.default\">\n\t\t\t\t<div class=\"elementor-widget-container\">\n\t\t\t\t\t\t\t\t\t<ul class=\"ul1\"><li class=\"li1\">Pinceaux, spatules, chiffons, couteaux<\/li><li class=\"li1\">Supports vari\u00e9s : Panneaux de bois, Papier pour peinture \u00e0 l&rsquo;huile, toiles<\/li><\/ul><p class=\"p2\"><b>Qualit\u00e9s artistiques<\/b><\/p><ul class=\"ul1\"><li class=\"li1\"><b>Texture douce et mate<\/b>, tr\u00e8s tactile<\/li><li class=\"li1\">Travail possible en fines couches ou en mati\u00e8re<\/li><li class=\"li1\"><b>Temps de travail ouvert<\/b> (comme l\u2019huile) permettant reprises et corrections<\/li><li class=\"li1\">Support id\u00e9al pour l\u2019abstraction, les paysages, les effets de mati\u00e8re<\/li><\/ul><p class=\"p1\">La cire froide invite \u00e0 un geste plus pictural et m\u00e9ditatif, o\u00f9 la surface s\u2019\u00e9labore par passages successifs.<\/p><p class=\"p3\"><b>Les avantages<\/b><b><\/b><\/p><ul class=\"ul2\"><li class=\"li4\"><b><\/b><span class=\"s3\"><b>Facilit\u00e9 d&rsquo;utilisation<\/b><\/span><span class=\"s4\"><b> : <\/b><\/span><span class=\"s3\">Pas besoin de chauffer la cire, ce qui rend la technique plus simple et moins dangereuse<\/span><\/li><li class=\"li4\"><b><\/b><span class=\"s3\"><b>Effet mat : <\/b><\/span><span class=\"s5\">La cire froide donne un fini mat et doux, diff\u00e9rent de la brillance de l&rsquo;encaustique.<\/span><\/li><li class=\"li4\"><b><\/b><span class=\"s3\"><b>Moins toxique : <\/b><\/span><span class=\"s5\">Moins de risques li\u00e9s \u00e0 l&rsquo;inhalation de vapeurs de cire chauff\u00e9e.<\/span><\/li><\/ul><p class=\"p5\"><b>Cire chaude ou cire froide : quelles diff\u00e9rences ?<\/b><\/p><table  class=\"t1 table table-hover\"  cellspacing=\"0\" cellpadding=\"0\"><tbody><tr><td class=\"td1\" valign=\"middle\"><p class=\"p6\"><b>Aspect<\/b><b><\/b><\/p><\/td><td class=\"td2\" valign=\"middle\"><p class=\"p6\"><b>Cire chaude (encaustique)<\/b><b><\/b><\/p><\/td><td class=\"td3\" valign=\"middle\"><p class=\"p6\"><b>Cire froide<\/b><b><\/b><\/p><\/td><\/tr><tr><td class=\"td4\" valign=\"middle\"><p class=\"p7\">Mise en \u0153uvre<\/p><\/td><td class=\"td5\" valign=\"middle\"><p class=\"p7\">\u00c0 chaud, fusion des couches<\/p><\/td><td class=\"td6\" valign=\"middle\"><p class=\"p7\">\u00c0 froid, similaire \u00e0 l\u2019huile<\/p><\/td><\/tr><tr><td class=\"td7\" valign=\"middle\"><p class=\"p7\">Effet visuel<\/p><\/td><td class=\"td8\" valign=\"middle\"><p class=\"p7\">Brillance, transparence, profondeur<\/p><\/td><td class=\"td9\" valign=\"middle\"><p class=\"p7\">Matit\u00e9, velours, douceur<\/p><\/td><\/tr><tr><td class=\"td10\" valign=\"middle\"><p class=\"p7\">Mati\u00e8re<\/p><\/td><td class=\"td11\" valign=\"middle\"><p class=\"p7\">Relief, empreintes, inclusions<\/p><\/td><td class=\"td12\" valign=\"middle\"><p class=\"p7\">Glacis, textures subtiles<\/p><\/td><\/tr><tr><td class=\"td1\" valign=\"middle\"><p class=\"p7\">Outils<\/p><\/td><td class=\"td2\" valign=\"middle\"><p class=\"p7\">Chalumeau, chaleur<\/p><\/td><td class=\"td3\" valign=\"middle\"><p class=\"p7\">Spatules, pinceaux, chiffons<\/p><\/td><\/tr><tr><td class=\"td4\" valign=\"middle\"><p class=\"p7\">D\u00e9marche<\/p><\/td><td class=\"td5\" valign=\"middle\"><p class=\"p7\">Mati\u00e8re sculpt\u00e9e<\/p><\/td><td class=\"td6\" valign=\"middle\"><p class=\"p7\">Lenteur, superpositions picturales<\/p><\/td><\/tr><\/tbody><\/table><p class=\"p1\">Les deux approches sont compl\u00e9mentaires et peuvent m\u00eame se combiner dans certaines pratiques \u2014 \u00e0 condition de respecter l\u2019ordre des couches et la nature des supports.<\/p><p class=\"p5\"><b>Pourquoi choisir la peinture \u00e0 la cire ?<\/b><\/p><ul class=\"ul1\"><li class=\"li1\">Pour sa <b>dimension sensorielle et mat\u00e9rielle<\/b><b><\/b><\/li><li class=\"li1\">Pour la <b>luminosit\u00e9 unique des pigments<\/b><b><\/b><\/li><li class=\"li1\">Pour la <b>richesse des textures<\/b>, du poli lisse au relief sculpt\u00e9<\/li><li class=\"li1\">Pour sa <b>long\u00e9vit\u00e9 exceptionnelle<\/b><b><\/b><\/li><li class=\"li1\">Parce qu\u2019elle ouvre un espace de cr\u00e9ation libre, entre peinture, gravure et sculpture<\/li><\/ul><p class=\"p1\">La peinture \u00e0 la cire est un m\u00e9dium vivant, \u00e9volutif, qui invite l\u2019artiste \u00e0 dialoguer avec la mati\u00e8re<\/p><p class=\"p3\"><b>Conclusion.<\/b><b><\/b><\/p><p class=\"p10\">La peinture \u00e0 la cire, qu&rsquo;elle soit chaude ou froide, offre des possibilit\u00e9s cr\u00e9atives uniques. L&rsquo;encaustique est appr\u00e9ci\u00e9e pour sa durabilit\u00e9 et sa profondeur, tandis que la cire froide est plus accessible et facile \u00e0 manipuler. Chaque technique a ses propres caract\u00e9ristiques et avantages, permettant aux artistes d&rsquo;explorer diff\u00e9rentes textures et effets visuels.<\/p>\t\t\t\t\t\t\t\t<\/div>\n\t\t\t\t<\/div>\n\t\t\t\t\t<\/div>\n\t\t<\/div>\n\t\t\t\t\t<\/div>\n\t\t<\/section>\n\t\t\t\t<\/div>\n\t\t","protected":false},"excerpt":{"rendered":"<p>Qu\u2019est-ce que la peinture \u00e0 la cire ? \u00a0 La peinture \u00e0 la cire est un m\u00e9dium ancien et fascinant &hellip; <a href=\"https:\/\/martinebessiere.com\/index.php\/decouverte-de-la-peinture-a-la-cire\/\" class=\"more-link\">Continue reading <span class=\"screen-reader-text\">Decouverte de la peinture \u00e0 la cire &#8230;.<\/span><\/a><\/p>\n","protected":false},"author":2,"featured_media":0,"parent":0,"menu_order":0,"comment_status":"closed","ping_status":"closed","template":"","meta":{"_vp_format_video_url":"","_vp_image_focal_point":[],"footnotes":""},"class_list":["post-3271","page","type-page","status-publish","hentry"],"jetpack_sharing_enabled":true,"_links":{"self":[{"href":"https:\/\/martinebessiere.com\/index.php\/wp-json\/wp\/v2\/pages\/3271","targetHints":{"allow":["GET"]}}],"collection":[{"href":"https:\/\/martinebessiere.com\/index.php\/wp-json\/wp\/v2\/pages"}],"about":[{"href":"https:\/\/martinebessiere.com\/index.php\/wp-json\/wp\/v2\/types\/page"}],"author":[{"embeddable":true,"href":"https:\/\/martinebessiere.com\/index.php\/wp-json\/wp\/v2\/users\/2"}],"replies":[{"embeddable":true,"href":"https:\/\/martinebessiere.com\/index.php\/wp-json\/wp\/v2\/comments?post=3271"}],"version-history":[{"count":16,"href":"https:\/\/martinebessiere.com\/index.php\/wp-json\/wp\/v2\/pages\/3271\/revisions"}],"predecessor-version":[{"id":3320,"href":"https:\/\/martinebessiere.com\/index.php\/wp-json\/wp\/v2\/pages\/3271\/revisions\/3320"}],"wp:attachment":[{"href":"https:\/\/martinebessiere.com\/index.php\/wp-json\/wp\/v2\/media?parent=3271"}],"curies":[{"name":"wp","href":"https:\/\/api.w.org\/{rel}","templated":true}]}}