{"id":2839,"date":"2026-02-05T15:17:43","date_gmt":"2026-02-05T14:17:43","guid":{"rendered":"https:\/\/martinebessiere.com\/?page_id=2839"},"modified":"2026-02-16T14:40:14","modified_gmt":"2026-02-16T13:40:14","slug":"peinture-a-la-cire-froide","status":"publish","type":"page","link":"https:\/\/martinebessiere.com\/index.php\/peinture-a-la-cire-froide\/","title":{"rendered":"Peinture \u00e0 la cire froide"},"content":{"rendered":"\t\t<div data-elementor-type=\"wp-page\" data-elementor-id=\"2839\" class=\"elementor elementor-2839\">\n\t\t\t\t\t\t<section class=\"elementor-section elementor-top-section elementor-element elementor-element-b9b0020 elementor-section-full_width elementor-section-stretched elementor-section-height-default elementor-section-height-default\" data-id=\"b9b0020\" data-element_type=\"section\" data-e-type=\"section\" data-settings=\"{&quot;stretch_section&quot;:&quot;section-stretched&quot;}\">\n\t\t\t\t\t\t<div class=\"elementor-container elementor-column-gap-default\">\n\t\t\t\t\t<div class=\"elementor-column elementor-col-20 elementor-top-column elementor-element elementor-element-cc59ae8\" data-id=\"cc59ae8\" data-element_type=\"column\" data-e-type=\"column\">\n\t\t\t<div class=\"elementor-widget-wrap elementor-element-populated\">\n\t\t\t\t\t\t<div class=\"elementor-element elementor-element-9230c9c elementor-widget elementor-widget-image\" data-id=\"9230c9c\" data-element_type=\"widget\" data-e-type=\"widget\" data-widget_type=\"image.default\">\n\t\t\t\t<div class=\"elementor-widget-container\">\n\t\t\t\t\t\t\t\t\t\t\t\t<figure class=\"wp-caption\">\n\t\t\t\t\t\t\t\t\t\t\t<a href=\"https:\/\/martinebessiere.com\/index.php\/horizons\/\">\n\t\t\t\t\t\t\t<img fetchpriority=\"high\" decoding=\"async\" width=\"640\" height=\"640\" src=\"https:\/\/martinebessiere.com\/wp-content\/uploads\/2026\/02\/martine.bessiere.lhorizon.carre-.jpg\" class=\"attachment-large size-large wp-image-2811\" alt=\"\" srcset=\"https:\/\/martinebessiere.com\/wp-content\/uploads\/2026\/02\/martine.bessiere.lhorizon.carre-.jpg 640w, https:\/\/martinebessiere.com\/wp-content\/uploads\/2026\/02\/martine.bessiere.lhorizon.carre--300x300.jpg 300w, https:\/\/martinebessiere.com\/wp-content\/uploads\/2026\/02\/martine.bessiere.lhorizon.carre--150x150.jpg 150w, https:\/\/martinebessiere.com\/wp-content\/uploads\/2026\/02\/martine.bessiere.lhorizon.carre--500x500.jpg 500w, https:\/\/martinebessiere.com\/wp-content\/uploads\/2026\/02\/martine.bessiere.lhorizon.carre--116x116.jpg 116w\" sizes=\"(max-width: 640px) 100vw, 640px\" \/>\t\t\t\t\t\t\t\t<\/a>\n\t\t\t\t\t\t\t\t\t\t\t<figcaption class=\"widget-image-caption wp-caption-text\">HORIZONS<\/figcaption>\n\t\t\t\t\t\t\t\t\t\t<\/figure>\n\t\t\t\t\t\t\t\t\t<\/div>\n\t\t\t\t<\/div>\n\t\t\t\t\t<\/div>\n\t\t<\/div>\n\t\t\t\t<div class=\"elementor-column elementor-col-20 elementor-top-column elementor-element elementor-element-95523e7\" data-id=\"95523e7\" data-element_type=\"column\" data-e-type=\"column\">\n\t\t\t<div class=\"elementor-widget-wrap elementor-element-populated\">\n\t\t\t\t\t\t<div class=\"elementor-element elementor-element-c5c2abc elementor-widget elementor-widget-image\" data-id=\"c5c2abc\" data-element_type=\"widget\" data-e-type=\"widget\" data-widget_type=\"image.default\">\n\t\t\t\t<div class=\"elementor-widget-container\">\n\t\t\t\t\t\t\t\t\t\t\t\t<figure class=\"wp-caption\">\n\t\t\t\t\t\t\t\t\t\t\t<a href=\"https:\/\/martinebessiere.com\/index.php\/arbres-2\/\">\n\t\t\t\t\t\t\t<img decoding=\"async\" width=\"640\" height=\"640\" src=\"https:\/\/martinebessiere.com\/wp-content\/uploads\/2026\/02\/martine.bessiere.tempetedeneige.carre-.jpg\" class=\"attachment-large size-large wp-image-2832\" alt=\"\" srcset=\"https:\/\/martinebessiere.com\/wp-content\/uploads\/2026\/02\/martine.bessiere.tempetedeneige.carre-.jpg 640w, https:\/\/martinebessiere.com\/wp-content\/uploads\/2026\/02\/martine.bessiere.tempetedeneige.carre--300x300.jpg 300w, https:\/\/martinebessiere.com\/wp-content\/uploads\/2026\/02\/martine.bessiere.tempetedeneige.carre--150x150.jpg 150w, https:\/\/martinebessiere.com\/wp-content\/uploads\/2026\/02\/martine.bessiere.tempetedeneige.carre--500x500.jpg 500w, https:\/\/martinebessiere.com\/wp-content\/uploads\/2026\/02\/martine.bessiere.tempetedeneige.carre--116x116.jpg 116w\" sizes=\"(max-width: 640px) 100vw, 640px\" \/>\t\t\t\t\t\t\t\t<\/a>\n\t\t\t\t\t\t\t\t\t\t\t<figcaption class=\"widget-image-caption wp-caption-text\">ARBRES<\/figcaption>\n\t\t\t\t\t\t\t\t\t\t<\/figure>\n\t\t\t\t\t\t\t\t\t<\/div>\n\t\t\t\t<\/div>\n\t\t\t\t\t<\/div>\n\t\t<\/div>\n\t\t\t\t<div class=\"elementor-column elementor-col-20 elementor-top-column elementor-element elementor-element-2ee57c2\" data-id=\"2ee57c2\" data-element_type=\"column\" data-e-type=\"column\">\n\t\t\t<div class=\"elementor-widget-wrap elementor-element-populated\">\n\t\t\t\t\t\t<div class=\"elementor-element elementor-element-c12b36a elementor-widget elementor-widget-image\" data-id=\"c12b36a\" data-element_type=\"widget\" data-e-type=\"widget\" data-widget_type=\"image.default\">\n\t\t\t\t<div class=\"elementor-widget-container\">\n\t\t\t\t\t\t\t\t\t\t\t\t<figure class=\"wp-caption\">\n\t\t\t\t\t\t\t\t\t\t\t<a href=\"https:\/\/martinebessiere.com\/index.php\/animaux\/\">\n\t\t\t\t\t\t\t<img decoding=\"async\" width=\"640\" height=\"640\" src=\"https:\/\/martinebessiere.com\/wp-content\/uploads\/2026\/02\/martine.bessiere.manchot.fnormal.jpg\" class=\"attachment-large size-large wp-image-2876\" alt=\"\" srcset=\"https:\/\/martinebessiere.com\/wp-content\/uploads\/2026\/02\/martine.bessiere.manchot.fnormal.jpg 640w, https:\/\/martinebessiere.com\/wp-content\/uploads\/2026\/02\/martine.bessiere.manchot.fnormal-300x300.jpg 300w, https:\/\/martinebessiere.com\/wp-content\/uploads\/2026\/02\/martine.bessiere.manchot.fnormal-150x150.jpg 150w, https:\/\/martinebessiere.com\/wp-content\/uploads\/2026\/02\/martine.bessiere.manchot.fnormal-500x500.jpg 500w, https:\/\/martinebessiere.com\/wp-content\/uploads\/2026\/02\/martine.bessiere.manchot.fnormal-116x116.jpg 116w\" sizes=\"(max-width: 640px) 100vw, 640px\" \/>\t\t\t\t\t\t\t\t<\/a>\n\t\t\t\t\t\t\t\t\t\t\t<figcaption class=\"widget-image-caption wp-caption-text\">ANIMAUX<\/figcaption>\n\t\t\t\t\t\t\t\t\t\t<\/figure>\n\t\t\t\t\t\t\t\t\t<\/div>\n\t\t\t\t<\/div>\n\t\t\t\t\t<\/div>\n\t\t<\/div>\n\t\t\t\t<div class=\"elementor-column elementor-col-20 elementor-top-column elementor-element elementor-element-1b2f60e\" data-id=\"1b2f60e\" data-element_type=\"column\" data-e-type=\"column\">\n\t\t\t<div class=\"elementor-widget-wrap elementor-element-populated\">\n\t\t\t\t\t\t<div class=\"elementor-element elementor-element-64104ce elementor-widget elementor-widget-image\" data-id=\"64104ce\" data-element_type=\"widget\" data-e-type=\"widget\" data-widget_type=\"image.default\">\n\t\t\t\t<div class=\"elementor-widget-container\">\n\t\t\t\t\t\t\t\t\t\t\t\t<figure class=\"wp-caption\">\n\t\t\t\t\t\t\t\t\t\t\t<a href=\"https:\/\/martinebessiere.com\/index.php\/paysages\/\">\n\t\t\t\t\t\t\t<img loading=\"lazy\" decoding=\"async\" width=\"640\" height=\"640\" src=\"https:\/\/martinebessiere.com\/wp-content\/uploads\/2026\/02\/martine.bessiere.lepromeneur.carre-1-1.jpg\" class=\"attachment-large size-large wp-image-3106\" alt=\"\" srcset=\"https:\/\/martinebessiere.com\/wp-content\/uploads\/2026\/02\/martine.bessiere.lepromeneur.carre-1-1.jpg 640w, https:\/\/martinebessiere.com\/wp-content\/uploads\/2026\/02\/martine.bessiere.lepromeneur.carre-1-1-300x300.jpg 300w, https:\/\/martinebessiere.com\/wp-content\/uploads\/2026\/02\/martine.bessiere.lepromeneur.carre-1-1-150x150.jpg 150w, https:\/\/martinebessiere.com\/wp-content\/uploads\/2026\/02\/martine.bessiere.lepromeneur.carre-1-1-500x500.jpg 500w, https:\/\/martinebessiere.com\/wp-content\/uploads\/2026\/02\/martine.bessiere.lepromeneur.carre-1-1-116x116.jpg 116w\" sizes=\"(max-width: 640px) 100vw, 640px\" \/>\t\t\t\t\t\t\t\t<\/a>\n\t\t\t\t\t\t\t\t\t\t\t<figcaption class=\"widget-image-caption wp-caption-text\">PAYSAGES<\/figcaption>\n\t\t\t\t\t\t\t\t\t\t<\/figure>\n\t\t\t\t\t\t\t\t\t<\/div>\n\t\t\t\t<\/div>\n\t\t\t\t\t<\/div>\n\t\t<\/div>\n\t\t\t\t<div class=\"elementor-column elementor-col-20 elementor-top-column elementor-element elementor-element-880699b\" data-id=\"880699b\" data-element_type=\"column\" data-e-type=\"column\">\n\t\t\t<div class=\"elementor-widget-wrap elementor-element-populated\">\n\t\t\t\t\t\t<div class=\"elementor-element elementor-element-44dbe98 elementor-widget elementor-widget-image\" data-id=\"44dbe98\" data-element_type=\"widget\" data-e-type=\"widget\" data-widget_type=\"image.default\">\n\t\t\t\t<div class=\"elementor-widget-container\">\n\t\t\t\t\t\t\t\t\t\t\t\t<figure class=\"wp-caption\">\n\t\t\t\t\t\t\t\t\t\t\t<a href=\"https:\/\/martinebessiere.com\/index.php\/vieux-murs\/\">\n\t\t\t\t\t\t\t<img loading=\"lazy\" decoding=\"async\" width=\"640\" height=\"640\" src=\"https:\/\/martinebessiere.com\/wp-content\/uploads\/2026\/02\/martine.bessiere.vieuxmur1.carre_.jpg\" class=\"attachment-large size-large wp-image-2918\" alt=\"\" srcset=\"https:\/\/martinebessiere.com\/wp-content\/uploads\/2026\/02\/martine.bessiere.vieuxmur1.carre_.jpg 640w, https:\/\/martinebessiere.com\/wp-content\/uploads\/2026\/02\/martine.bessiere.vieuxmur1.carre_-300x300.jpg 300w, https:\/\/martinebessiere.com\/wp-content\/uploads\/2026\/02\/martine.bessiere.vieuxmur1.carre_-150x150.jpg 150w, https:\/\/martinebessiere.com\/wp-content\/uploads\/2026\/02\/martine.bessiere.vieuxmur1.carre_-500x500.jpg 500w, https:\/\/martinebessiere.com\/wp-content\/uploads\/2026\/02\/martine.bessiere.vieuxmur1.carre_-116x116.jpg 116w\" sizes=\"(max-width: 640px) 100vw, 640px\" \/>\t\t\t\t\t\t\t\t<\/a>\n\t\t\t\t\t\t\t\t\t\t\t<figcaption class=\"widget-image-caption wp-caption-text\">VIEUX MURS<\/figcaption>\n\t\t\t\t\t\t\t\t\t\t<\/figure>\n\t\t\t\t\t\t\t\t\t<\/div>\n\t\t\t\t<\/div>\n\t\t\t\t\t<\/div>\n\t\t<\/div>\n\t\t\t\t\t<\/div>\n\t\t<\/section>\n\t\t\t\t<section class=\"elementor-section elementor-top-section elementor-element elementor-element-9861c8d elementor-section-full_width elementor-section-stretched elementor-section-height-default elementor-section-height-default\" data-id=\"9861c8d\" data-element_type=\"section\" data-e-type=\"section\" data-settings=\"{&quot;stretch_section&quot;:&quot;section-stretched&quot;}\">\n\t\t\t\t\t\t<div class=\"elementor-container elementor-column-gap-default\">\n\t\t\t\t\t<div class=\"elementor-column elementor-col-100 elementor-top-column elementor-element elementor-element-5bd9d76\" data-id=\"5bd9d76\" data-element_type=\"column\" data-e-type=\"column\">\n\t\t\t<div class=\"elementor-widget-wrap elementor-element-populated\">\n\t\t\t\t\t\t<div class=\"elementor-element elementor-element-a204c5c elementor-widget__width-inherit elementor-drop-cap-yes elementor-drop-cap-view-default elementor-widget elementor-widget-text-editor\" data-id=\"a204c5c\" data-element_type=\"widget\" data-e-type=\"widget\" data-settings=\"{&quot;drop_cap&quot;:&quot;yes&quot;}\" data-widget_type=\"text-editor.default\">\n\t\t\t\t<div class=\"elementor-widget-container\">\n\t\t\t\t\t\t\t\t\t<p class=\"p2\"><b>M<\/b><strong>on parcours artistique est un processus d\u2019exploration et d\u2019\u00e9volution, nourri par l\u2019exp\u00e9rimentation et mes exp\u00e9riences personnelles. Avec le temps, j\u2019ai d\u00e9laiss\u00e9 les paysages figuratifs pour une approche plus abstraite faite de couches fines et subtiles. L\u2019influence du temps, de la lumi\u00e8re et de l\u2019environnement demeure toutefois au c\u0153ur de mon inspiration.<\/strong><\/p><p class=\"p2\"><strong>La d\u00e9couverte de la cire froide a transform\u00e9 ma pratique : elle m\u2019a encourag\u00e9e \u00e0 peindre \u00e0 partir de la m\u00e9moire et de l\u2019\u00e9motion plut\u00f4t que de la photographie, faisant peu \u00e0 peu dispara\u00eetre les fronti\u00e8res entre abstraction et figuration.<\/strong><\/p><p class=\"p2\"><strong>\u00a0<\/strong><\/p>\t\t\t\t\t\t\t\t<\/div>\n\t\t\t\t<\/div>\n\t\t\t\t\t<\/div>\n\t\t<\/div>\n\t\t\t\t\t<\/div>\n\t\t<\/section>\n\t\t\t\t<\/div>\n\t\t","protected":false},"excerpt":{"rendered":"<p>HORIZONS ARBRES ANIMAUX PAYSAGES VIEUX MURS Mon parcours artistique est un processus d\u2019exploration et d\u2019\u00e9volution, nourri par l\u2019exp\u00e9rimentation et mes &hellip; <a href=\"https:\/\/martinebessiere.com\/index.php\/peinture-a-la-cire-froide\/\" class=\"more-link\">Continue reading <span class=\"screen-reader-text\">Peinture \u00e0 la cire froide<\/span><\/a><\/p>\n","protected":false},"author":2,"featured_media":0,"parent":0,"menu_order":0,"comment_status":"closed","ping_status":"closed","template":"","meta":{"_vp_format_video_url":"","_vp_image_focal_point":[],"footnotes":""},"class_list":["post-2839","page","type-page","status-publish","hentry"],"jetpack_sharing_enabled":true,"_links":{"self":[{"href":"https:\/\/martinebessiere.com\/index.php\/wp-json\/wp\/v2\/pages\/2839","targetHints":{"allow":["GET"]}}],"collection":[{"href":"https:\/\/martinebessiere.com\/index.php\/wp-json\/wp\/v2\/pages"}],"about":[{"href":"https:\/\/martinebessiere.com\/index.php\/wp-json\/wp\/v2\/types\/page"}],"author":[{"embeddable":true,"href":"https:\/\/martinebessiere.com\/index.php\/wp-json\/wp\/v2\/users\/2"}],"replies":[{"embeddable":true,"href":"https:\/\/martinebessiere.com\/index.php\/wp-json\/wp\/v2\/comments?post=2839"}],"version-history":[{"count":64,"href":"https:\/\/martinebessiere.com\/index.php\/wp-json\/wp\/v2\/pages\/2839\/revisions"}],"predecessor-version":[{"id":3242,"href":"https:\/\/martinebessiere.com\/index.php\/wp-json\/wp\/v2\/pages\/2839\/revisions\/3242"}],"wp:attachment":[{"href":"https:\/\/martinebessiere.com\/index.php\/wp-json\/wp\/v2\/media?parent=2839"}],"curies":[{"name":"wp","href":"https:\/\/api.w.org\/{rel}","templated":true}]}}