{"id":2698,"date":"2026-01-30T15:35:00","date_gmt":"2026-01-30T14:35:00","guid":{"rendered":"https:\/\/martinebessiere.com\/?page_id=2698"},"modified":"2026-02-16T18:20:18","modified_gmt":"2026-02-16T17:20:18","slug":"horizons","status":"publish","type":"page","link":"https:\/\/martinebessiere.com\/index.php\/horizons\/","title":{"rendered":"Horizons"},"content":{"rendered":"\t\t<div data-elementor-type=\"wp-page\" data-elementor-id=\"2698\" class=\"elementor elementor-2698\">\n\t\t\t\t\t\t<section class=\"elementor-section elementor-top-section elementor-element elementor-element-54cc0da elementor-section-full_width elementor-section-stretched elementor-section-height-default elementor-section-height-default\" data-id=\"54cc0da\" data-element_type=\"section\" data-e-type=\"section\" data-settings=\"{&quot;stretch_section&quot;:&quot;section-stretched&quot;}\">\n\t\t\t\t\t\t<div class=\"elementor-container elementor-column-gap-default\">\n\t\t\t\t\t<div class=\"elementor-column elementor-col-100 elementor-top-column elementor-element elementor-element-47006d7\" data-id=\"47006d7\" data-element_type=\"column\" data-e-type=\"column\">\n\t\t\t<div class=\"elementor-widget-wrap elementor-element-populated\">\n\t\t\t\t\t\t<div class=\"elementor-element elementor-element-978fe66 elementor-arrows-position-inside elementor-widget elementor-widget-image-carousel\" data-id=\"978fe66\" data-element_type=\"widget\" data-e-type=\"widget\" data-settings=\"{&quot;slides_to_show&quot;:&quot;3&quot;,&quot;slides_to_scroll&quot;:&quot;1&quot;,&quot;navigation&quot;:&quot;arrows&quot;,&quot;autoplay&quot;:&quot;yes&quot;,&quot;pause_on_hover&quot;:&quot;yes&quot;,&quot;pause_on_interaction&quot;:&quot;yes&quot;,&quot;autoplay_speed&quot;:5000,&quot;infinite&quot;:&quot;yes&quot;,&quot;speed&quot;:500}\" data-widget_type=\"image-carousel.default\">\n\t\t\t\t<div class=\"elementor-widget-container\">\n\t\t\t\t\t\t\t<div class=\"elementor-image-carousel-wrapper swiper\" role=\"region\" aria-roledescription=\"carousel\" aria-label=\"Carrousel d\u2019images\" dir=\"ltr\">\n\t\t\t<div class=\"elementor-image-carousel swiper-wrapper\" aria-live=\"off\">\n\t\t\t\t\t\t\t\t<div class=\"swiper-slide\" role=\"group\" aria-roledescription=\"slide\" aria-label=\"1 sur 13\"><a data-elementor-open-lightbox=\"yes\" data-elementor-lightbox-slideshow=\"978fe66\" data-elementor-lightbox-title=\"L&#039;\u00e9tang\" data-elementor-lightbox-description=\"Peinture \u00e0 la cire froide sur papier Arches maroufl\u00e9 sur panneau de bois, 50 x 70 cm, recadr\u00e9, 2024\" data-e-action-hash=\"#elementor-action%3Aaction%3Dlightbox%26settings%3DeyJpZCI6MjgxMCwidXJsIjoiaHR0cHM6XC9cL21hcnRpbmViZXNzaWVyZS5jb21cL3dwLWNvbnRlbnRcL3VwbG9hZHNcLzIwMjZcLzAyXC9tYXJ0aW5lLmJlc3NpZXJlLmxldGFuZy5jYXJyZS0uanBlZyIsInNsaWRlc2hvdyI6Ijk3OGZlNjYifQ%3D%3D\" href=\"https:\/\/martinebessiere.com\/wp-content\/uploads\/2026\/02\/martine.bessiere.lhorizon.carre-.jpg\"><figure class=\"swiper-slide-inner\"><img decoding=\"async\" class=\"swiper-slide-image\" src=\"https:\/\/martinebessiere.com\/wp-content\/uploads\/2026\/02\/martine.bessiere.letang.carre-.jpeg\" alt=\"L&#039;\u00e9tang\" \/><\/figure><\/a><\/div><div class=\"swiper-slide\" role=\"group\" aria-roledescription=\"slide\" aria-label=\"2 sur 13\"><a data-elementor-open-lightbox=\"yes\" data-elementor-lightbox-slideshow=\"978fe66\" data-elementor-lightbox-title=\"Voiliers\" data-elementor-lightbox-description=\"Peinture \u00e0 la cire froide sur panneau de bois, 61 x 73 cm, 2024\" data-e-action-hash=\"#elementor-action%3Aaction%3Dlightbox%26settings%3DeyJpZCI6MjgwOSwidXJsIjoiaHR0cHM6XC9cL21hcnRpbmViZXNzaWVyZS5jb21cL3dwLWNvbnRlbnRcL3VwbG9hZHNcLzIwMjZcLzAyXC9tYXJ0aW5lLmJlc3NpZXJlLmxlc3ZvaWxpZXJzLmNhcnJlLS5qcGciLCJzbGlkZXNob3ciOiI5NzhmZTY2In0%3D\" href=\"https:\/\/martinebessiere.com\/wp-content\/uploads\/2026\/02\/martine.bessiere.lhorizon.carre-.jpg\"><figure class=\"swiper-slide-inner\"><img decoding=\"async\" class=\"swiper-slide-image\" src=\"https:\/\/martinebessiere.com\/wp-content\/uploads\/2026\/02\/martine.bessiere.lesvoiliers.carre-.jpg\" alt=\"Voiliers\" \/><\/figure><\/a><\/div><div class=\"swiper-slide\" role=\"group\" aria-roledescription=\"slide\" aria-label=\"3 sur 13\"><a data-elementor-open-lightbox=\"yes\" data-elementor-lightbox-slideshow=\"978fe66\" data-elementor-lightbox-title=\"La vague\" data-elementor-lightbox-description=\"Peinture \u00e0 la cire froide sur papier Arches maroufl\u00e9 sur panneau de bois, 50 x 70 cm,  recadr\u00e9, 2024\" data-e-action-hash=\"#elementor-action%3Aaction%3Dlightbox%26settings%3DeyJpZCI6MjgwNywidXJsIjoiaHR0cHM6XC9cL21hcnRpbmViZXNzaWVyZS5jb21cL3dwLWNvbnRlbnRcL3VwbG9hZHNcLzIwMjZcLzAyXC9tYXJ0aW5lLmJlc3NpZXJlLmxhdmFndWUuY2FycmUtLmpwZyIsInNsaWRlc2hvdyI6Ijk3OGZlNjYifQ%3D%3D\" href=\"https:\/\/martinebessiere.com\/wp-content\/uploads\/2026\/02\/martine.bessiere.lhorizon.carre-.jpg\"><figure class=\"swiper-slide-inner\"><img decoding=\"async\" class=\"swiper-slide-image\" src=\"https:\/\/martinebessiere.com\/wp-content\/uploads\/2026\/02\/martine.bessiere.lavague.carre-.jpg\" alt=\"La vague\" \/><\/figure><\/a><\/div><div class=\"swiper-slide\" role=\"group\" aria-roledescription=\"slide\" aria-label=\"4 sur 13\"><a data-elementor-open-lightbox=\"yes\" data-elementor-lightbox-slideshow=\"978fe66\" data-elementor-lightbox-title=\"Hommage \u00e0 W. Turner\" data-elementor-lightbox-description=\"Peinture \u00e0 la cire froide sur papier Arches maroufl\u00e9 sur panneau de bois, 50 x 70 cm,  recadr\u00e9, 2024\" data-e-action-hash=\"#elementor-action%3Aaction%3Dlightbox%26settings%3DeyJpZCI6MjgwNSwidXJsIjoiaHR0cHM6XC9cL21hcnRpbmViZXNzaWVyZS5jb21cL3dwLWNvbnRlbnRcL3VwbG9hZHNcLzIwMjZcLzAyXC9tYXJ0aW5lLmJlc3NpZXJlLmhvbW1hZ2VhdHVybmVyLmpwZWciLCJzbGlkZXNob3ciOiI5NzhmZTY2In0%3D\" href=\"https:\/\/martinebessiere.com\/wp-content\/uploads\/2026\/02\/martine.bessiere.lhorizon.carre-.jpg\"><figure class=\"swiper-slide-inner\"><img decoding=\"async\" class=\"swiper-slide-image\" src=\"https:\/\/martinebessiere.com\/wp-content\/uploads\/2026\/02\/martine.bessiere.hommageaturner.jpeg\" alt=\"Hommage \u00e0 W. Turner\" \/><\/figure><\/a><\/div><div class=\"swiper-slide\" role=\"group\" aria-roledescription=\"slide\" aria-label=\"5 sur 13\"><a data-elementor-open-lightbox=\"yes\" data-elementor-lightbox-slideshow=\"978fe66\" data-elementor-lightbox-title=\"Brume\" data-elementor-lightbox-description=\"Peinture \u00e0 la cire froide sur toile, 60 x 100 cm,  recadr\u00e9, 2024\" data-e-action-hash=\"#elementor-action%3Aaction%3Dlightbox%26settings%3DeyJpZCI6MjgwMiwidXJsIjoiaHR0cHM6XC9cL21hcnRpbmViZXNzaWVyZS5jb21cL3dwLWNvbnRlbnRcL3VwbG9hZHNcLzIwMjZcLzAyXC9tYXJ0aW5lLmJlc3NpZXJlLmJydW1lXy5jYXJyZS0uanBnIiwic2xpZGVzaG93IjoiOTc4ZmU2NiJ9\" href=\"https:\/\/martinebessiere.com\/wp-content\/uploads\/2026\/02\/martine.bessiere.lhorizon.carre-.jpg\"><figure class=\"swiper-slide-inner\"><img decoding=\"async\" class=\"swiper-slide-image\" src=\"https:\/\/martinebessiere.com\/wp-content\/uploads\/2026\/02\/martine.bessiere.brume_.carre-.jpg\" alt=\"Brume\" \/><\/figure><\/a><\/div><div class=\"swiper-slide\" role=\"group\" aria-roledescription=\"slide\" aria-label=\"6 sur 13\"><a data-elementor-open-lightbox=\"yes\" data-elementor-lightbox-slideshow=\"978fe66\" data-elementor-lightbox-title=\"Complainte\" data-elementor-lightbox-description=\"Peinture \u00e0 la cire froide sur toile, 66 x 100 cm,  recadr\u00e9, 2024\" data-e-action-hash=\"#elementor-action%3Aaction%3Dlightbox%26settings%3DeyJpZCI6MjgwMywidXJsIjoiaHR0cHM6XC9cL21hcnRpbmViZXNzaWVyZS5jb21cL3dwLWNvbnRlbnRcL3VwbG9hZHNcLzIwMjZcLzAyXC9tYXJ0aW5lLmJlc3NpZXJlLmNvbXBsYWludGUtY2FycmUtLmpwZyIsInNsaWRlc2hvdyI6Ijk3OGZlNjYifQ%3D%3D\" href=\"https:\/\/martinebessiere.com\/wp-content\/uploads\/2026\/02\/martine.bessiere.lhorizon.carre-.jpg\"><figure class=\"swiper-slide-inner\"><img decoding=\"async\" class=\"swiper-slide-image\" src=\"https:\/\/martinebessiere.com\/wp-content\/uploads\/2026\/02\/martine.bessiere.complainte-carre-.jpg\" alt=\"Complainte\" \/><\/figure><\/a><\/div><div class=\"swiper-slide\" role=\"group\" aria-roledescription=\"slide\" aria-label=\"7 sur 13\"><a data-elementor-open-lightbox=\"yes\" data-elementor-lightbox-slideshow=\"978fe66\" data-elementor-lightbox-title=\"Dissolution\" data-elementor-lightbox-description=\"Peinture \u00e0 la cire froide sur toile, 66 x 100 cm,  recadr\u00e9, 2024\" data-e-action-hash=\"#elementor-action%3Aaction%3Dlightbox%26settings%3DeyJpZCI6MjgwNCwidXJsIjoiaHR0cHM6XC9cL21hcnRpbmViZXNzaWVyZS5jb21cL3dwLWNvbnRlbnRcL3VwbG9hZHNcLzIwMjZcLzAyXC9tYXJ0aW5lLmJlc3NpZXJlLmRpc3NvbHV0aW9uLmNhcnJlLS5qcGciLCJzbGlkZXNob3ciOiI5NzhmZTY2In0%3D\" href=\"https:\/\/martinebessiere.com\/wp-content\/uploads\/2026\/02\/martine.bessiere.lhorizon.carre-.jpg\"><figure class=\"swiper-slide-inner\"><img decoding=\"async\" class=\"swiper-slide-image\" src=\"https:\/\/martinebessiere.com\/wp-content\/uploads\/2026\/02\/martine.bessiere.dissolution.carre-.jpg\" alt=\"Dissolution\" \/><\/figure><\/a><\/div><div class=\"swiper-slide\" role=\"group\" aria-roledescription=\"slide\" aria-label=\"8 sur 13\"><a data-elementor-open-lightbox=\"yes\" data-elementor-lightbox-slideshow=\"978fe66\" data-elementor-lightbox-title=\"Au del\u00e0 de l&#039;horizon\" data-elementor-lightbox-description=\"Peinture \u00e0 la cire froide sur toile, 80 x 80 cm, 2024\" data-e-action-hash=\"#elementor-action%3Aaction%3Dlightbox%26settings%3DeyJpZCI6MjgwMSwidXJsIjoiaHR0cHM6XC9cL21hcnRpbmViZXNzaWVyZS5jb21cL3dwLWNvbnRlbnRcL3VwbG9hZHNcLzIwMjZcLzAyXC9tYXJ0aW5lLmJlc3NpZXJlLmF1ZGVsYWRlbGhvcml6b24uLWNhcnJlLS5qcGciLCJzbGlkZXNob3ciOiI5NzhmZTY2In0%3D\" href=\"https:\/\/martinebessiere.com\/wp-content\/uploads\/2026\/02\/martine.bessiere.lhorizon.carre-.jpg\"><figure class=\"swiper-slide-inner\"><img decoding=\"async\" class=\"swiper-slide-image\" src=\"https:\/\/martinebessiere.com\/wp-content\/uploads\/2026\/02\/martine.bessiere.audeladelhorizon.-carre-.jpg\" alt=\"Au del\u00e0 de l&#039;horizon\" \/><\/figure><\/a><\/div><div class=\"swiper-slide\" role=\"group\" aria-roledescription=\"slide\" aria-label=\"9 sur 13\"><a data-elementor-open-lightbox=\"yes\" data-elementor-lightbox-slideshow=\"978fe66\" data-elementor-lightbox-title=\"L&#039;horizon\" data-elementor-lightbox-description=\"Peinture \u00e0 l&#039;huile et \u00e0 a cire froide, format  70 x 77 cm, recadr\u00e9,  2024\" data-e-action-hash=\"#elementor-action%3Aaction%3Dlightbox%26settings%3DeyJpZCI6MjgxMSwidXJsIjoiaHR0cHM6XC9cL21hcnRpbmViZXNzaWVyZS5jb21cL3dwLWNvbnRlbnRcL3VwbG9hZHNcLzIwMjZcLzAyXC9tYXJ0aW5lLmJlc3NpZXJlLmxob3Jpem9uLmNhcnJlLS5qcGciLCJzbGlkZXNob3ciOiI5NzhmZTY2In0%3D\" href=\"https:\/\/martinebessiere.com\/wp-content\/uploads\/2026\/02\/martine.bessiere.lhorizon.carre-.jpg\"><figure class=\"swiper-slide-inner\"><img decoding=\"async\" class=\"swiper-slide-image\" src=\"https:\/\/martinebessiere.com\/wp-content\/uploads\/2026\/02\/martine.bessiere.lhorizon.carre-.jpg\" alt=\"L&#039;horizon\" \/><\/figure><\/a><\/div><div class=\"swiper-slide\" role=\"group\" aria-roledescription=\"slide\" aria-label=\"10 sur 13\"><a data-elementor-open-lightbox=\"yes\" data-elementor-lightbox-slideshow=\"978fe66\" data-elementor-lightbox-title=\"Apr\u00e8s la pluie\" data-elementor-lightbox-description=\"Peinture \u00e0 la cire froide sur toile, 45 x 90 cm,  recadr\u00e9, 2024\" data-e-action-hash=\"#elementor-action%3Aaction%3Dlightbox%26settings%3DeyJpZCI6Mjc5OSwidXJsIjoiaHR0cHM6XC9cL21hcnRpbmViZXNzaWVyZS5jb21cL3dwLWNvbnRlbnRcL3VwbG9hZHNcLzIwMjZcLzAyXC9tYXJ0aW5lLmJlc3NpZXJlLmFwcmVzbGFwbHVpZS5jYXJyZS0uanBnIiwic2xpZGVzaG93IjoiOTc4ZmU2NiJ9\" href=\"https:\/\/martinebessiere.com\/wp-content\/uploads\/2026\/02\/martine.bessiere.lhorizon.carre-.jpg\"><figure class=\"swiper-slide-inner\"><img decoding=\"async\" class=\"swiper-slide-image\" src=\"https:\/\/martinebessiere.com\/wp-content\/uploads\/2026\/02\/martine.bessiere.apreslapluie.carre-.jpg\" alt=\"Apr\u00e8s la pluie\" \/><\/figure><\/a><\/div><div class=\"swiper-slide\" role=\"group\" aria-roledescription=\"slide\" aria-label=\"11 sur 13\"><a data-elementor-open-lightbox=\"yes\" data-elementor-lightbox-slideshow=\"978fe66\" data-elementor-lightbox-title=\"La lisi\u00e8re\" data-elementor-lightbox-description=\"Peinture \u00e0 la cire froide sur toile, 80 x 120 cm, 2024\" data-e-action-hash=\"#elementor-action%3Aaction%3Dlightbox%26settings%3DeyJpZCI6MjgwNiwidXJsIjoiaHR0cHM6XC9cL21hcnRpbmViZXNzaWVyZS5jb21cL3dwLWNvbnRlbnRcL3VwbG9hZHNcLzIwMjZcLzAyXC9tYXJ0aW5lLmJlc3NpZXJlLmxhbGlzaWVyZS5jYXJyZS0uanBnIiwic2xpZGVzaG93IjoiOTc4ZmU2NiJ9\" href=\"https:\/\/martinebessiere.com\/wp-content\/uploads\/2026\/02\/martine.bessiere.lhorizon.carre-.jpg\"><figure class=\"swiper-slide-inner\"><img decoding=\"async\" class=\"swiper-slide-image\" src=\"https:\/\/martinebessiere.com\/wp-content\/uploads\/2026\/02\/martine.bessiere.lalisiere.carre-.jpg\" alt=\"La lisi\u00e8re\" \/><\/figure><\/a><\/div><div class=\"swiper-slide\" role=\"group\" aria-roledescription=\"slide\" aria-label=\"12 sur 13\"><a data-elementor-open-lightbox=\"yes\" data-elementor-lightbox-slideshow=\"978fe66\" data-elementor-lightbox-title=\"Atmosph\u00e8re marine\" data-elementor-lightbox-description=\"Peinture \u00e0 la cire froide sur papier Arches, 20 x 20 cm, encadr\u00e9, 2024\" data-e-action-hash=\"#elementor-action%3Aaction%3Dlightbox%26settings%3DeyJpZCI6MjgwMCwidXJsIjoiaHR0cHM6XC9cL21hcnRpbmViZXNzaWVyZS5jb21cL3dwLWNvbnRlbnRcL3VwbG9hZHNcLzIwMjZcLzAyXC9tYXJ0aW5lLmJlc3NpZXJlLmF0bW9zcGhlcmVtYXJpbmUuY2FycmUtLmpwZyIsInNsaWRlc2hvdyI6Ijk3OGZlNjYifQ%3D%3D\" href=\"https:\/\/martinebessiere.com\/wp-content\/uploads\/2026\/02\/martine.bessiere.lhorizon.carre-.jpg\"><figure class=\"swiper-slide-inner\"><img decoding=\"async\" class=\"swiper-slide-image\" src=\"https:\/\/martinebessiere.com\/wp-content\/uploads\/2026\/02\/martine.bessiere.atmospheremarine.carre-.jpg\" alt=\"Atmosph\u00e8re marine\" \/><\/figure><\/a><\/div><div class=\"swiper-slide\" role=\"group\" aria-roledescription=\"slide\" aria-label=\"13 sur 13\"><a data-elementor-open-lightbox=\"yes\" data-elementor-lightbox-slideshow=\"978fe66\" data-elementor-lightbox-title=\"Le fleuve\" data-elementor-lightbox-description=\"Peinture \u00e0 la cire froide sur toile, 50 x 70 cm, 2024\" data-e-action-hash=\"#elementor-action%3Aaction%3Dlightbox%26settings%3DeyJpZCI6MjgwOCwidXJsIjoiaHR0cHM6XC9cL21hcnRpbmViZXNzaWVyZS5jb21cL3dwLWNvbnRlbnRcL3VwbG9hZHNcLzIwMjZcLzAyXC9tYXJ0aW5lLmJlc3NpZXJlLmxlZmxldXZlLmNhcnJlXy5qcGciLCJzbGlkZXNob3ciOiI5NzhmZTY2In0%3D\" href=\"https:\/\/martinebessiere.com\/wp-content\/uploads\/2026\/02\/martine.bessiere.lhorizon.carre-.jpg\"><figure class=\"swiper-slide-inner\"><img decoding=\"async\" class=\"swiper-slide-image\" src=\"https:\/\/martinebessiere.com\/wp-content\/uploads\/2026\/02\/martine.bessiere.lefleuve.carre_.jpg\" alt=\"Le fleuve\" \/><\/figure><\/a><\/div>\t\t\t<\/div>\n\t\t\t\t\t\t\t\t\t\t\t\t<div class=\"elementor-swiper-button elementor-swiper-button-prev\" role=\"button\" tabindex=\"0\">\n\t\t\t\t\t\t<i aria-hidden=\"true\" class=\"eicon-chevron-left\"><\/i>\t\t\t\t\t<\/div>\n\t\t\t\t\t<div class=\"elementor-swiper-button elementor-swiper-button-next\" role=\"button\" tabindex=\"0\">\n\t\t\t\t\t\t<i aria-hidden=\"true\" class=\"eicon-chevron-right\"><\/i>\t\t\t\t\t<\/div>\n\t\t\t\t\n\t\t\t\t\t\t\t\t\t<\/div>\n\t\t\t\t\t\t<\/div>\n\t\t\t\t<\/div>\n\t\t\t\t\t<\/div>\n\t\t<\/div>\n\t\t\t\t\t<\/div>\n\t\t<\/section>\n\t\t\t\t<section class=\"elementor-section elementor-top-section elementor-element elementor-element-586d54c elementor-section-boxed elementor-section-height-default elementor-section-height-default\" data-id=\"586d54c\" data-element_type=\"section\" data-e-type=\"section\">\n\t\t\t\t\t\t<div class=\"elementor-container elementor-column-gap-default\">\n\t\t\t\t\t<div class=\"elementor-column elementor-col-100 elementor-top-column elementor-element elementor-element-3c3d5f8\" data-id=\"3c3d5f8\" data-element_type=\"column\" data-e-type=\"column\">\n\t\t\t<div class=\"elementor-widget-wrap elementor-element-populated\">\n\t\t\t\t\t\t<section class=\"elementor-section elementor-inner-section elementor-element elementor-element-d87f015 elementor-section-boxed elementor-section-height-default elementor-section-height-default\" data-id=\"d87f015\" data-element_type=\"section\" data-e-type=\"section\">\n\t\t\t\t\t\t<div class=\"elementor-container elementor-column-gap-default\">\n\t\t\t\t\t<div class=\"elementor-column elementor-col-50 elementor-inner-column elementor-element elementor-element-1846530\" data-id=\"1846530\" data-element_type=\"column\" data-e-type=\"column\">\n\t\t\t<div class=\"elementor-widget-wrap\">\n\t\t\t\t\t\t\t<\/div>\n\t\t<\/div>\n\t\t\t\t<div class=\"elementor-column elementor-col-50 elementor-inner-column elementor-element elementor-element-08070b7\" data-id=\"08070b7\" data-element_type=\"column\" data-e-type=\"column\">\n\t\t\t<div class=\"elementor-widget-wrap\">\n\t\t\t\t\t\t\t<\/div>\n\t\t<\/div>\n\t\t\t\t\t<\/div>\n\t\t<\/section>\n\t\t\t\t\t<\/div>\n\t\t<\/div>\n\t\t\t\t\t<\/div>\n\t\t<\/section>\n\t\t\t\t<section class=\"elementor-section elementor-top-section elementor-element elementor-element-e195a19 elementor-section-boxed elementor-section-height-default elementor-section-height-default\" data-id=\"e195a19\" data-element_type=\"section\" data-e-type=\"section\">\n\t\t\t\t\t\t<div class=\"elementor-container elementor-column-gap-default\">\n\t\t\t\t\t<div class=\"elementor-column elementor-col-100 elementor-top-column elementor-element elementor-element-4ad41aa\" data-id=\"4ad41aa\" data-element_type=\"column\" data-e-type=\"column\">\n\t\t\t<div class=\"elementor-widget-wrap elementor-element-populated\">\n\t\t\t\t\t\t<section class=\"elementor-section elementor-inner-section elementor-element elementor-element-1594474 elementor-section-boxed elementor-section-height-default elementor-section-height-default\" data-id=\"1594474\" data-element_type=\"section\" data-e-type=\"section\">\n\t\t\t\t\t\t<div class=\"elementor-container elementor-column-gap-default\">\n\t\t\t\t\t<div class=\"elementor-column elementor-col-50 elementor-inner-column elementor-element elementor-element-f046221\" data-id=\"f046221\" data-element_type=\"column\" data-e-type=\"column\">\n\t\t\t<div class=\"elementor-widget-wrap\">\n\t\t\t\t\t\t\t<\/div>\n\t\t<\/div>\n\t\t\t\t<div class=\"elementor-column elementor-col-50 elementor-inner-column elementor-element elementor-element-4507bfc\" data-id=\"4507bfc\" data-element_type=\"column\" data-e-type=\"column\">\n\t\t\t<div class=\"elementor-widget-wrap\">\n\t\t\t\t\t\t\t<\/div>\n\t\t<\/div>\n\t\t\t\t\t<\/div>\n\t\t<\/section>\n\t\t\t\t\t<\/div>\n\t\t<\/div>\n\t\t\t\t\t<\/div>\n\t\t<\/section>\n\t\t\t\t<section class=\"elementor-section elementor-top-section elementor-element elementor-element-ad919c6 elementor-section-boxed elementor-section-height-default elementor-section-height-default\" data-id=\"ad919c6\" data-element_type=\"section\" data-e-type=\"section\">\n\t\t\t\t\t\t<div class=\"elementor-container elementor-column-gap-default\">\n\t\t\t\t\t<div class=\"elementor-column elementor-col-100 elementor-top-column elementor-element elementor-element-ab6ac1c\" data-id=\"ab6ac1c\" data-element_type=\"column\" data-e-type=\"column\">\n\t\t\t<div class=\"elementor-widget-wrap elementor-element-populated\">\n\t\t\t\t\t\t<div class=\"elementor-element elementor-element-1eb2cb0 elementor-widget elementor-widget-image\" data-id=\"1eb2cb0\" data-element_type=\"widget\" data-e-type=\"widget\" data-widget_type=\"image.default\">\n\t\t\t\t<div class=\"elementor-widget-container\">\n\t\t\t\t\t\t\t\t\t\t\t\t\t\t\t<img decoding=\"async\" src=\"https:\/\/martinebessiere.com\/wp-content\/plugins\/elementor\/assets\/images\/placeholder.png\" title=\"\" alt=\"\" loading=\"lazy\" \/>\t\t\t\t\t\t\t\t\t\t\t\t\t\t\t<\/div>\n\t\t\t\t<\/div>\n\t\t\t\t<div class=\"elementor-element elementor-element-9921108 elementor-widget elementor-widget-button\" data-id=\"9921108\" data-element_type=\"widget\" data-e-type=\"widget\" data-widget_type=\"button.default\">\n\t\t\t\t<div class=\"elementor-widget-container\">\n\t\t\t\t\t\t\t\t\t<div class=\"elementor-button-wrapper\">\n\t\t\t\t\t<a class=\"elementor-button elementor-button-link elementor-size-sm\" href=\"#\">\n\t\t\t\t\t\t<span class=\"elementor-button-content-wrapper\">\n\t\t\t\t\t\t\t\t\t<span class=\"elementor-button-text\">Cliquez ici<\/span>\n\t\t\t\t\t<\/span>\n\t\t\t\t\t<\/a>\n\t\t\t\t<\/div>\n\t\t\t\t\t\t\t\t<\/div>\n\t\t\t\t<\/div>\n\t\t\t\t\t<\/div>\n\t\t<\/div>\n\t\t\t\t\t<\/div>\n\t\t<\/section>\n\t\t\t\t<\/div>\n\t\t","protected":false},"excerpt":{"rendered":"<p>Cliquez ici<\/p>\n","protected":false},"author":2,"featured_media":0,"parent":0,"menu_order":0,"comment_status":"closed","ping_status":"closed","template":"","meta":{"_vp_format_video_url":"","_vp_image_focal_point":[],"footnotes":""},"class_list":["post-2698","page","type-page","status-publish","hentry"],"jetpack_sharing_enabled":true,"_links":{"self":[{"href":"https:\/\/martinebessiere.com\/index.php\/wp-json\/wp\/v2\/pages\/2698","targetHints":{"allow":["GET"]}}],"collection":[{"href":"https:\/\/martinebessiere.com\/index.php\/wp-json\/wp\/v2\/pages"}],"about":[{"href":"https:\/\/martinebessiere.com\/index.php\/wp-json\/wp\/v2\/types\/page"}],"author":[{"embeddable":true,"href":"https:\/\/martinebessiere.com\/index.php\/wp-json\/wp\/v2\/users\/2"}],"replies":[{"embeddable":true,"href":"https:\/\/martinebessiere.com\/index.php\/wp-json\/wp\/v2\/comments?post=2698"}],"version-history":[{"count":62,"href":"https:\/\/martinebessiere.com\/index.php\/wp-json\/wp\/v2\/pages\/2698\/revisions"}],"predecessor-version":[{"id":3250,"href":"https:\/\/martinebessiere.com\/index.php\/wp-json\/wp\/v2\/pages\/2698\/revisions\/3250"}],"wp:attachment":[{"href":"https:\/\/martinebessiere.com\/index.php\/wp-json\/wp\/v2\/media?parent=2698"}],"curies":[{"name":"wp","href":"https:\/\/api.w.org\/{rel}","templated":true}]}}