{"id":2243,"date":"2020-05-06T14:56:48","date_gmt":"2020-05-06T12:56:48","guid":{"rendered":"http:\/\/martinebessiere.com\/?page_id=2243"},"modified":"2026-03-13T15:43:18","modified_gmt":"2026-03-13T14:43:18","slug":"a-propos","status":"publish","type":"page","link":"https:\/\/martinebessiere.com\/index.php\/a-propos\/","title":{"rendered":"Qui suis-je ?"},"content":{"rendered":"\t\t<div data-elementor-type=\"wp-page\" data-elementor-id=\"2243\" class=\"elementor elementor-2243\">\n\t\t\t\t\t\t<section class=\"elementor-section elementor-top-section elementor-element elementor-element-823f597 elementor-section-stretched elementor-section-height-min-height elementor-section-boxed elementor-section-height-default elementor-section-items-middle\" data-id=\"823f597\" data-element_type=\"section\" data-e-type=\"section\" data-settings=\"{&quot;stretch_section&quot;:&quot;section-stretched&quot;}\">\n\t\t\t\t\t\t<div class=\"elementor-container elementor-column-gap-default\">\n\t\t\t\t\t<div class=\"elementor-column elementor-col-33 elementor-top-column elementor-element elementor-element-8fa6985\" data-id=\"8fa6985\" data-element_type=\"column\" data-e-type=\"column\">\n\t\t\t<div class=\"elementor-widget-wrap elementor-element-populated\">\n\t\t\t\t\t\t<div class=\"elementor-element elementor-element-85edada elementor-widget elementor-widget-image\" data-id=\"85edada\" data-element_type=\"widget\" data-e-type=\"widget\" data-widget_type=\"image.default\">\n\t\t\t\t<div class=\"elementor-widget-container\">\n\t\t\t\t\t\t\t\t\t\t\t\t\t\t\t<img decoding=\"async\" src=\"https:\/\/martinebessiere.com\/wp-content\/uploads\/2020\/05\/IMG_4413.jpg\" title=\"IMG_4413\" alt=\"IMG_4413\" loading=\"lazy\" \/>\t\t\t\t\t\t\t\t\t\t\t\t\t\t\t<\/div>\n\t\t\t\t<\/div>\n\t\t\t\t\t<\/div>\n\t\t<\/div>\n\t\t\t\t<div class=\"elementor-column elementor-col-33 elementor-top-column elementor-element elementor-element-592c0f6\" data-id=\"592c0f6\" data-element_type=\"column\" data-e-type=\"column\">\n\t\t\t<div class=\"elementor-widget-wrap elementor-element-populated\">\n\t\t\t\t\t\t<div class=\"elementor-element elementor-element-73e8089 elementor-widget__width-initial elementor-widget elementor-widget-text-editor\" data-id=\"73e8089\" data-element_type=\"widget\" data-e-type=\"widget\" data-widget_type=\"text-editor.default\">\n\t\t\t\t<div class=\"elementor-widget-container\">\n\t\t\t\t\t\t\t\t\t<p class=\"p2\">Citadine au regard ouvert sur le monde, je cherche dans la marche et le voyage un retour \u00e0 la nature. Face au changement climatique, mon engagement \u00e9cologique nourrit ma pratique artistique. Lors de mes randonn\u00e9es en France, les paysages rencontr\u00e9s deviennent, \u00e0 l\u2019atelier, des paysages int\u00e9rieurs o\u00f9 se m\u00ealent souvenirs, \u00e9motions et sensations. La nature reste mon refuge et mon langage : formes, textures et rythmes guident ma peinture, longtemps marqu\u00e9e par une approche contemplative.<\/p><p class=\"p2\">Mon regard a pourtant \u00e9volu\u00e9. Les traces laiss\u00e9es par l\u2019activit\u00e9 humaine et la fragilit\u00e9 des milieux influencent d\u00e9sormais mes toiles. Ma palette s\u2019est resserr\u00e9e, mes compositions se sont \u00e9pur\u00e9es. La peinture \u00e0 la cire, avec ses flous et ses transparences, ouvre un espace d\u2019incertitude o\u00f9 la visibilit\u00e9 se trouble et o\u00f9 le spectateur interpr\u00e8te librement.<\/p><p class=\"p2\">Je me sens proche d\u2019Anselm Kiefer, pour qui mati\u00e8re, m\u00e9moire et temps dialoguent avec le paysage. Chez moi aussi, la mati\u00e8re r\u00e9v\u00e8le tensions et silences du monde contemporain. \u00c0 la lisi\u00e8re de l\u2019abstraction, mes \u0153uvres sugg\u00e8rent plus qu\u2019elles ne d\u00e9crivent, baign\u00e9es d\u2019une lumi\u00e8re douce et d\u2019une atmosph\u00e8re \u00e9th\u00e9r\u00e9e.<\/p><p class=\"p2\">Peindre donne coh\u00e9rence \u00e0 ma vie. Install\u00e9e \u00e0 S\u00e8vres, je cr\u00e9e dans mon atelier, participe \u00e0 des groupes d\u2019artistes et partage mon travail avec ma communaut\u00e9 en ligne.<\/p>\t\t\t\t\t\t\t\t<\/div>\n\t\t\t\t<\/div>\n\t\t\t\t\t<\/div>\n\t\t<\/div>\n\t\t\t\t<div class=\"elementor-column elementor-col-33 elementor-top-column elementor-element elementor-element-ef67b63\" data-id=\"ef67b63\" data-element_type=\"column\" data-e-type=\"column\">\n\t\t\t<div class=\"elementor-widget-wrap elementor-element-populated\">\n\t\t\t\t\t\t<div class=\"elementor-element elementor-element-9f0be27 elementor-widget elementor-widget-text-editor\" data-id=\"9f0be27\" data-element_type=\"widget\" data-e-type=\"widget\" data-widget_type=\"text-editor.default\">\n\t\t\t\t<div class=\"elementor-widget-container\">\n\t\t\t\t\t\t\t\t\t<h6>Les associations d&rsquo;artistes dont je suis membre \u00a0 \u00a0 \u00a0 \u00a0 \u00a0 \u00a0<\/h6><p><a href=\"https:\/\/www.artistes-meudon.com\/martinebessiere\" target=\"_blank\" rel=\"noopener\">Artistes \u00e0 Meudon \u00a0 \u00a0<\/a>\u00a0 \u00a0 \u00a0<\/p><p><a href=\"https:\/\/www.academiedartmeudon.com\" target=\"_blank\" rel=\"noopener\">L&rsquo;Acad\u00e9mie d&rsquo;Art de Meudon \u00a0<\/a>\u00a0<\/p><p><a href=\"http:\/\/www.sevriennedesarts.com\/pages\/page1.htm\" target=\"_blank\" rel=\"noopener\">La S\u00e9vrienne des Arts, S\u00e8vres<\/a><\/p><p><a href=\"https:\/\/artistedevilledavray.wordpress.com\">L&rsquo;AIVA de Ville d&rsquo;Avray<\/a><\/p><p><a href=\"https:\/\/www.facebook.com\/ForumSevrien\/?locale=fr_FR\">Le Forum S\u00e9vrien<\/a><\/p><h6>\u00a0<\/h6><p>\u00a0 \u00a0 \u00a0 \u00a0 \u00a0 \u00a0 \u00a0 \u00a0 \u00a0 \u00a0 \u00a0 \u00a0 \u00a0 \u00a0 \u00a0 \u00a0 \u00a0 \u00a0 \u00a0 \u00a0 \u00a0 \u00a0 \u00a0 \u00a0 \u00a0 \u00a0\u00a0\u00a0<\/p><p><span style=\"font-family: inherit;\"> \u00a0\u00a0 \u00a0\u00a0 \u00a0\u00a0 \u00a0\u00a0 \u00a0\u00a0 \u00a0\u00a0 \u00a0<\/span><\/p>\t\t\t\t\t\t\t\t<\/div>\n\t\t\t\t<\/div>\n\t\t\t\t\t<\/div>\n\t\t<\/div>\n\t\t\t\t\t<\/div>\n\t\t<\/section>\n\t\t\t\t<section class=\"elementor-section elementor-top-section elementor-element elementor-element-f231b07 elementor-section-stretched elementor-section-boxed elementor-section-height-default elementor-section-height-default\" data-id=\"f231b07\" data-element_type=\"section\" data-e-type=\"section\" data-settings=\"{&quot;stretch_section&quot;:&quot;section-stretched&quot;}\">\n\t\t\t\t\t\t<div class=\"elementor-container elementor-column-gap-default\">\n\t\t\t\t\t<div class=\"elementor-column elementor-col-100 elementor-top-column elementor-element elementor-element-5228219\" data-id=\"5228219\" data-element_type=\"column\" data-e-type=\"column\">\n\t\t\t<div class=\"elementor-widget-wrap elementor-element-populated\">\n\t\t\t\t\t\t<div class=\"elementor-element elementor-element-f241e0e elementor-widget elementor-widget-text-editor\" data-id=\"f241e0e\" data-element_type=\"widget\" data-e-type=\"widget\" data-widget_type=\"text-editor.default\">\n\t\t\t\t<div class=\"elementor-widget-container\">\n\t\t\t\t\t\t\t\t\t<ul><li><strong>Ce site pr\u00e9sente mes oeuvres les plus r\u00e9centes en peinture\u00a0 \u00e0 la cire. J&rsquo;ai ajout\u00e9 quelques peintures \u00e0 la cire chaude (encaustique) qui fut ma premi\u00e8re approche de la cire, et quelques unes de mes anciennes peintures \u00e0 l&rsquo;acrylique\u00a0 qui portaient d\u00e9j\u00e0 sur le paysage.<\/strong><\/li><li><strong>Peintre ind\u00e9pendante, je travaille principalement dans mon atelier \u00e0 S\u00e8vres.<\/strong><\/li><li><strong>Mais j\u2019aime aussi peindre en pr\u00e9sence d\u2019autres artistes dans le cadre d\u2019ateliers libres.<\/strong><\/li><li><strong>Je suis membre de diff\u00e9rentes associations d\u2019artistes <\/strong><\/li><li><strong>et j\u2019ai des \u00e9changes avec des amis peintres, sculpteurs, graveurs\u2026<\/strong><\/li><li><strong>Je suis abonn\u00e9e \u00e0 des organismes culturels.\u00a0<\/strong><\/li><li><strong>J\u2019utilise ma page Facebook comme un blog qui me permet de publier mes derni\u00e8res oeuvres, de d\u00e9couvrir les r\u00e9actions des abonn\u00e9s et \u00a0de suivre les artistes de la communaut\u00e9.\u00a0 \u00a0 \u00a0 \u00a0 \u00a0 \u00a0 \u00a0 \u00a0 \u00a0 \u00a0 \u00a0 \u00a0 \u00a0 \u00a0 \u00a0 \u00a0 \u00a0 \u00a0 \u00a0 \u00a0 \u00a0 \u00a0 \u00a0 \u00a0 \u00a0 \u00a0 \u00a0 \u00a0 \u00a0 \u00a0 \u00a0 \u00a0 \u00a0 \u00a0 \u00a0 \u00a0 \u00a0 \u00a0 \u00a0 \u00a0 \u00a0 \u00a0 \u00a0 \u00a0 \u00a0 \u00a0 \u00a0 \u00a0 \u00a0 \u00a0 \u00a0 \u00a0 \u00a0 \u00a0 \u00a0 \u00a0 \u00a0 \u00a0 \u00a0 \u00a0 \u00a0 \u00a0 \u00a0 \u00a0 \u00a0 \u00a0 \u00a0 \u00a0 \u00a0 \u00a0 \u00a0 \u00a0 \u00a0 \u00a0 \u00a0 \u00a0 \u00a0 \u00a0 \u00a0 \u00a0 \u00a0 \u00a0 \u00a0 \u00a0 \u00a0 \u00a0 \u00a0 \u00a0 \u00a0 \u00a0 \u00a0 \u00a0 \u00a0 \u00a0 \u00a0 \u00a0 \u00a0 \u00a0 \u00a0 \u00a0 \u00a0 \u00a0 \u00a0 \u00a0 \u00a0 \u00a0 \u00a0 \u00a0 \u00a0 \u00a0 \u00a0 \u00a0\u00a0<\/strong><strong>\u00a0<\/strong><strong>\u00a0 \u00a0 \u00a0 \u00a0 \u00a0 \u00a0 \u00a0 \u00a0 \u00a0 \u00a0 \u00a0 \u00a0 \u00a0 \u00a0 \u00a0 \u00a0 \u00a0 \u00a0 \u00a0 \u00a0 \u00a0 \u00a0 \u00a0<\/strong><strong> \u00a0 \u00a0 \u00a0 \u00a0 \u00a0 \u00a0 \u00a0 \u00a0 \u00a0 \u00a0 \u00a0 \u00a0 \u00a0 \u00a0 \u00a0 \u00a0 \u00a0 \u00a0 \u00a0 \u00a0 \u00a0 \u00a0 \u00a0 \u00a0 \u00a0 \u00a0 \u00a0 \u00a0 \u00a0 \u00a0 \u00a0 \u00a0 \u00a0 \u00a0 \u00a0 \u00a0 \u00a0 \u00a0 \u00a0 \u00a0 \u00a0 \u00a0 \u00a0 \u00a0 \u00a0 \u00a0 \u00a0 \u00a0 \u00a0 \u00a0 \u00a0 \u00a0 \u00a0 \u00a0 \u00a0 \u00a0 \u00a0 \u00a0 \u00a0\u00a0<\/strong><strong><a href=\"https:\/\/www.facebook.com\/martine.bessiere.10\"><img decoding=\"async\" class=\"alignnone wp-image-1126\" src=\"http:\/\/martinebessiere.com\/wp-content\/uploads\/2017\/03\/logo-facebook.png\" alt=\"\" width=\"25\" height=\"25\" \/><\/a><\/strong><\/li><\/ul>\t\t\t\t\t\t\t\t<\/div>\n\t\t\t\t<\/div>\n\t\t\t\t\t<\/div>\n\t\t<\/div>\n\t\t\t\t\t<\/div>\n\t\t<\/section>\n\t\t\t\t<section class=\"elementor-section elementor-top-section elementor-element elementor-element-439c700 elementor-section-stretched elementor-section-boxed elementor-section-height-default elementor-section-height-default\" data-id=\"439c700\" data-element_type=\"section\" data-e-type=\"section\" data-settings=\"{&quot;stretch_section&quot;:&quot;section-stretched&quot;}\">\n\t\t\t\t\t\t<div class=\"elementor-container elementor-column-gap-default\">\n\t\t\t\t\t<div class=\"elementor-column elementor-col-50 elementor-top-column elementor-element elementor-element-3ddd5d4\" data-id=\"3ddd5d4\" data-element_type=\"column\" data-e-type=\"column\">\n\t\t\t<div class=\"elementor-widget-wrap elementor-element-populated\">\n\t\t\t\t\t\t<div class=\"elementor-element elementor-element-e65f94b elementor-widget elementor-widget-text-editor\" data-id=\"e65f94b\" data-element_type=\"widget\" data-e-type=\"widget\" data-widget_type=\"text-editor.default\">\n\t\t\t\t<div class=\"elementor-widget-container\">\n\t\t\t\t\t\t\t\t\t<h5>\u00a0<\/h5><div data-id=\"b297d40\" data-element_type=\"widget\" data-model-cid=\"c59\" data-widget_type=\"text-editor.default\"><h6>\u00a0<\/h6><\/div>\t\t\t\t\t\t\t\t<\/div>\n\t\t\t\t<\/div>\n\t\t\t\t\t<\/div>\n\t\t<\/div>\n\t\t\t\t<div class=\"elementor-column elementor-col-50 elementor-top-column elementor-element elementor-element-69d109d\" data-id=\"69d109d\" data-element_type=\"column\" data-e-type=\"column\">\n\t\t\t<div class=\"elementor-widget-wrap elementor-element-populated\">\n\t\t\t\t\t\t<div class=\"elementor-element elementor-element-dac161c elementor-widget__width-initial elementor-widget elementor-widget-text-editor\" data-id=\"dac161c\" data-element_type=\"widget\" data-e-type=\"widget\" data-widget_type=\"text-editor.default\">\n\t\t\t\t<div class=\"elementor-widget-container\">\n\t\t\t\t\t\t\t\t\t<h6>Les artistes contemporains qui m&rsquo;inspirent&#8230;<\/h6><p><a href=\"https:\/\/www.centrepompidou.fr\/cpv\/agenda\/event.action?param.id=FR_R-267f62e8387417b70b7a0fcd98aef94&amp;param.idSource=FR_E-267f62e8387417b70b7a0fcd98aef94\" target=\"_blank\" rel=\"noopener\">\u00a0Anselm Kiefer<\/a>, Alexandre <a href=\"http:\/\/www.galerielignetreize.ch\/art\/artistes\/alexandre-hollan\/\">Hollan<\/a><a href=\"http:\/\/www.galerielignetreize.ch\/art\/artistes\/alexandre-hollan\/http:\/\/martinebessiere.com\/wp-admin\/post.php?post=2243&amp;action=elementor\" target=\"_blank\" rel=\"noopener\">, Christian \u00a0Hetzel,<\/a> Yan <a href=\"https:\/\/www.instagram.com\/yanmarczewski\/?hl=fr\">Marczewski<\/a>, \u00a0<a href=\"https:\/\/www.gerhard-richter.com\/fr\/art\/paintings\" target=\"_blank\" rel=\"noopener\">Gerhard Richter <\/a><a href=\"https:\/\/www.gerhard-richter.com\/fr\/art\/paintings\" target=\"_blank\" rel=\"noopener\">,<\/a>\u00a0<a href=\"https:\/\/webmuseo.com\/ws\/tal-coat\/app\/collection\/expo\/1\">Tal Coat<\/a>,\u00a0<a href=\"https:\/\/www.pinterest.fr\/pin\/347551296220429648\/\" target=\"_blank\" rel=\"noopener\">Thalami Xanthippe,<\/a> Hel\u00e8ne Leroy.<\/p><h6>et les sp\u00e9cialistes de la peinture \u00e0 la cire<\/h6><h6>Rebecca Crowell,\u00a0 Paula Dunn.<\/h6>\t\t\t\t\t\t\t\t<\/div>\n\t\t\t\t<\/div>\n\t\t\t\t\t<\/div>\n\t\t<\/div>\n\t\t\t\t\t<\/div>\n\t\t<\/section>\n\t\t\t\t<\/div>\n\t\t","protected":false},"excerpt":{"rendered":"<p>Citadine au regard ouvert sur le monde, je cherche dans la marche et le voyage un retour \u00e0 la nature. &hellip; <a href=\"https:\/\/martinebessiere.com\/index.php\/a-propos\/\" class=\"more-link\">Continue reading <span class=\"screen-reader-text\">Qui suis-je ?<\/span><\/a><\/p>\n","protected":false},"author":2,"featured_media":0,"parent":0,"menu_order":0,"comment_status":"closed","ping_status":"closed","template":"","meta":{"_vp_format_video_url":"","_vp_image_focal_point":[],"footnotes":""},"class_list":["post-2243","page","type-page","status-publish","hentry"],"jetpack_sharing_enabled":true,"_links":{"self":[{"href":"https:\/\/martinebessiere.com\/index.php\/wp-json\/wp\/v2\/pages\/2243","targetHints":{"allow":["GET"]}}],"collection":[{"href":"https:\/\/martinebessiere.com\/index.php\/wp-json\/wp\/v2\/pages"}],"about":[{"href":"https:\/\/martinebessiere.com\/index.php\/wp-json\/wp\/v2\/types\/page"}],"author":[{"embeddable":true,"href":"https:\/\/martinebessiere.com\/index.php\/wp-json\/wp\/v2\/users\/2"}],"replies":[{"embeddable":true,"href":"https:\/\/martinebessiere.com\/index.php\/wp-json\/wp\/v2\/comments?post=2243"}],"version-history":[{"count":119,"href":"https:\/\/martinebessiere.com\/index.php\/wp-json\/wp\/v2\/pages\/2243\/revisions"}],"predecessor-version":[{"id":3340,"href":"https:\/\/martinebessiere.com\/index.php\/wp-json\/wp\/v2\/pages\/2243\/revisions\/3340"}],"wp:attachment":[{"href":"https:\/\/martinebessiere.com\/index.php\/wp-json\/wp\/v2\/media?parent=2243"}],"curies":[{"name":"wp","href":"https:\/\/api.w.org\/{rel}","templated":true}]}}