{"id":1917,"date":"2020-04-11T17:53:47","date_gmt":"2020-04-11T15:53:47","guid":{"rendered":"http:\/\/martinebessiere.com\/?page_id=1917"},"modified":"2026-03-20T15:28:23","modified_gmt":"2026-03-20T14:28:23","slug":"accueil-2","status":"publish","type":"page","link":"https:\/\/martinebessiere.com\/","title":{"rendered":"Bienvenue sur mon site internet &#8230;"},"content":{"rendered":"\t\t<div data-elementor-type=\"wp-page\" data-elementor-id=\"1917\" class=\"elementor elementor-1917\">\n\t\t\t\t\t\t<section class=\"elementor-section elementor-top-section elementor-element elementor-element-4adfeb5 elementor-section-stretched elementor-section-boxed elementor-section-height-default elementor-section-height-default\" data-id=\"4adfeb5\" data-element_type=\"section\" data-e-type=\"section\" data-settings=\"{&quot;stretch_section&quot;:&quot;section-stretched&quot;}\">\n\t\t\t\t\t\t<div class=\"elementor-container elementor-column-gap-default\">\n\t\t\t\t\t<div class=\"elementor-column elementor-col-100 elementor-top-column elementor-element elementor-element-0a3e8b6\" data-id=\"0a3e8b6\" data-element_type=\"column\" data-e-type=\"column\">\n\t\t\t<div class=\"elementor-widget-wrap elementor-element-populated\">\n\t\t\t\t\t\t<div class=\"elementor-element elementor-element-2d6b24a elementor-widget__width-inherit elementor-widget elementor-widget-heading\" data-id=\"2d6b24a\" data-element_type=\"widget\" data-e-type=\"widget\" data-widget_type=\"heading.default\">\n\t\t\t\t<div class=\"elementor-widget-container\">\n\t\t\t\t\t<h2 class=\"elementor-heading-title elementor-size-default\">Bienvenue sur mon site internet...\n<\/h2>\t\t\t\t<\/div>\n\t\t\t\t<\/div>\n\t\t\t\t\t<\/div>\n\t\t<\/div>\n\t\t\t\t\t<\/div>\n\t\t<\/section>\n\t\t\t\t<section class=\"elementor-section elementor-top-section elementor-element elementor-element-6fb3322 elementor-section-stretched elementor-section-boxed elementor-section-height-default elementor-section-height-default\" data-id=\"6fb3322\" data-element_type=\"section\" data-e-type=\"section\" data-settings=\"{&quot;stretch_section&quot;:&quot;section-stretched&quot;}\">\n\t\t\t\t\t\t<div class=\"elementor-container elementor-column-gap-default\">\n\t\t\t\t\t<div class=\"elementor-column elementor-col-100 elementor-top-column elementor-element elementor-element-3fbb9bc\" data-id=\"3fbb9bc\" data-element_type=\"column\" data-e-type=\"column\">\n\t\t\t<div class=\"elementor-widget-wrap elementor-element-populated\">\n\t\t\t\t\t\t<div class=\"elementor-element elementor-element-f0897f8 elementor-widget__width-inherit elementor-widget elementor-widget-image\" data-id=\"f0897f8\" data-element_type=\"widget\" data-e-type=\"widget\" data-widget_type=\"image.default\">\n\t\t\t\t<div class=\"elementor-widget-container\">\n\t\t\t\t\t\t\t\t\t\t\t\t\t\t\t<img decoding=\"async\" src=\"https:\/\/martinebessiere.com\/wp-content\/uploads\/2026\/02\/martine.bessiere.complainte-carre-.jpg\" title=\"\" alt=\"\" loading=\"lazy\" \/>\t\t\t\t\t\t\t\t\t\t\t\t\t\t\t<\/div>\n\t\t\t\t<\/div>\n\t\t\t\t<div class=\"elementor-element elementor-element-5a1f0b8 elementor-widget__width-inherit elementor-widget elementor-widget-heading\" data-id=\"5a1f0b8\" data-element_type=\"widget\" data-e-type=\"widget\" data-widget_type=\"heading.default\">\n\t\t\t\t<div class=\"elementor-widget-container\">\n\t\t\t\t\t<h2 class=\"elementor-heading-title elementor-size-default\">          Mon parcours de peintre \u00e0 la cire froide....<\/h2>\t\t\t\t<\/div>\n\t\t\t\t<\/div>\n\t\t\t\t<div class=\"elementor-element elementor-element-43500b7 elementor-widget__width-initial elementor-widget elementor-widget-text-editor\" data-id=\"43500b7\" data-element_type=\"widget\" data-e-type=\"widget\" data-widget_type=\"text-editor.default\">\n\t\t\t\t<div class=\"elementor-widget-container\">\n\t\t\t\t\t\t\t\t\t<p class=\"p1\">\u00a0<\/p><p class=\"p5\">La peinture \u00e0 la cire froide, une technique encore peu connue, a profond\u00e9ment transform\u00e9 ma mani\u00e8re de cr\u00e9er et d\u2019exprimer mes \u00e9motions. \u00c0 travers ce r\u00e9cit, je partage mon cheminement artistique, les d\u00e9fis rencontr\u00e9s et les rencontres d\u00e9terminantes qui m\u2019ont accompagn\u00e9e dans cette exploration.<\/p><p class=\"p1\">J\u2019ai toujours aim\u00e9 d\u00e9couvrir de nouvelles techniques artistiques pour renouveler mon approche de la peinture.<\/p><p class=\"p1\">Apr\u00e8s l\u2019aquarelle, la peinture \u00e0 l\u2019huile, l\u2019acrylique, la gravure, la tempera et m\u00eame la sculpture\u2026 j\u2019ai eu envie d\u2019explorer la peinture \u00e0 la cire, technique antique red\u00e9couverte au 19\u00e8 si\u00e8cle avec les portraits du Fayoum en Egypte.<\/p><p class=\"p8\"><b>D\u00e9couverte de<span class=\"Apple-converted-space\">\u00a0 <\/span>la peinture \u00e0 la cire.<\/b><\/p><p class=\"p6\">Mon int\u00e9r\u00eat pour la cire est n\u00e9 d\u2019un simple coup de c\u0153ur. Lors d\u2019une exposition, j\u2019ai \u00e9t\u00e9 intrigu\u00e9e par une petite \u0153uvre r\u00e9alis\u00e9e avec un m\u00e9dium \u00e0 base de cire. Cette d\u00e9couverte m\u2019est rest\u00e9e en m\u00e9moire et, durant le confinement de 2020, j\u2019ai entrepris des recherches pour en savoir davantage.<\/p><p class=\"p6\">Mes premi\u00e8res investigations m\u2019ont men\u00e9e vers la cire chaude, aussi appel\u00e9e encaustique. \u00c0 l\u2019\u00e9poque, l\u2019unique artiste francophone proposant des formations \u00e9tait <b>Sophie Van Moffaert,<\/b> install\u00e9e dans le sud de la France. Ne pouvant me d\u00e9placer, j\u2019ai longuement \u00e9chang\u00e9 avec elle. Par chance, elle venait tout juste de former J<b>o\u00eblle Duphil-Normand,<\/b> qui enseignait \u00e0 l\u2019Universit\u00e9 Populaire de Clamart, pr\u00e8s de chez moi. Je me suis imm\u00e9diatement inscrite \u00e0 son premier stage\u2014 une exp\u00e9rience d\u00e9cisive aupr\u00e8s d\u2019une p\u00e9dagogue passionn\u00e9e.<\/p><p class=\"p6\">\u00c9quip\u00e9e de mon mat\u00e9riel \u2014 plaque chauffante, pinceaux, cire color\u00e9e, d\u00e9capeur thermique \u2014 j\u2019ai commenc\u00e9 \u00e0 pratiquer. Les d\u00e9buts furent exigeants : la chaleur, les gestes pr\u00e9cis, la technicit\u00e9\u2026 mais chaque maladresse \u00e9tait une le\u00e7on. Au fil des mois, j\u2019ai gagn\u00e9 en ma\u00eetrise et mes petits formats ont rencontr\u00e9 un bel accueil lors des Portes Ouvertes de mon atelier.<\/p><p class=\"p1\">Je fabriquais mes propres couleurs avec un m\u00e9lange de cire d\u2019abeille blanche, une r\u00e9sine v\u00e9g\u00e9tale naturelle (dammar) et des pigments.<\/p><p class=\"p1\">Travaill\u00e9e \u00e0 chaud, la cire est appel\u00e9e \u00ab\u00a0encaustique\u00a0\u00bb. La couleur \u00e9tal\u00e9e sur le support (du bois de pr\u00e9f\u00e9rence) s\u00e8che aussit\u00f4t, conservant le caract\u00e8re de chaque trait de pinceau.<\/p><p class=\"p1\"><b>De la cire chaude \u00e0 la cire froide : une r\u00e9v\u00e9lation.<\/b><\/p><p class=\"p1\">M\u00eame si l\u2019encaustique me passionnait, la manipulation d\u2019outils chauffants restait une source d\u2019inqui\u00e9tude.<\/p><p class=\"p1\">En \u00e9largissant mes recherches sur les sites anglophones, j\u2019ai d\u00e9couvert aux \u00c9tats-Unis le <b>Cold Wax Medium<\/b>, ou peinture \u00e0 la cire froide.<\/p><p class=\"p10\">En m\u00e9langeant la cire froide \u00e0 la peinture \u00e0 l&rsquo;huile, la r\u00e8gle du gras sur maigre \u00e9tait annul\u00e9e, ce qui signifie une \u00e9norme libert\u00e9! Je pouvais d\u00e9sormais non seulement travailler avec de la peinture \u00e0 l&rsquo;huile, mais aussi avec du pastel sec et \u00e0 l\u2019huile, du fusain, des pigments, du crayon, du crayon de cire, etc. et le temps de s\u00e9chage \u00e9tait plus court qu&rsquo;avec une simple peinture \u00e0 l&rsquo;huile. J &lsquo;ai tout de suite \u00e9t\u00e9 captiv\u00e9e par cette merveilleuse technique!<\/p><p class=\"p11\">Mon parcours avec la cire froide a r\u00e9ellement d\u00e9but\u00e9 avec la d\u00e9couverte de l&rsquo;artiste abstraite Rebecca Crowell<b>.<\/b> Ce qui n&rsquo;\u00e9tait au d\u00e9part qu&rsquo;une simple exp\u00e9rience s&rsquo;est rapidement transform\u00e9e en une pratique enrichissante, me permettant de cr\u00e9er des couches d\u00e9licates et translucides et de travailler de mani\u00e8re plus instinctive avec la couleur, la texture et la lumi\u00e8re.<\/p><p class=\"p6\">Plus besoin de chaleur : la cire demeure souple \u00e0 temp\u00e9rature ambiante et se m\u00e9lange merveilleusement avec la peinture \u00e0 l\u2019huile .La texture est cr\u00e9meuse, tr\u00e8s agr\u00e9able \u00e0 travailler et a la particularit\u00e9 de s\u00e9cher plus rapidement que la peinture \u00e0 l&rsquo;huile.<\/p><p class=\"p6\">J\u2019ai ressorti mes tubes, et refait l\u2019inventaire de mes pigments. <b>Le livre de Rebecca Crowell<\/b> est devenu ma r\u00e9f\u00e9rence et m\u2019a accompagn\u00e9e dans l\u2019apprentissage de cette nouvelle approche. Les supports utilis\u00e9s\u00a0sont le papier huile \u00ab\u00a0ARCHES OIL PAPER\u00a0\u00bb ou des panneaux de bois sp\u00e9cialement trait\u00e9s comme pour travailler avec l&rsquo;encaustique.<\/p><p class=\"p8\"><b>Exp\u00e9rimentations et techniques.<\/b><\/p><p class=\"p14\">Je suis devenue \u00ab\u00a0addict\u00a0\u00bb \u00e0 cette technique peu connue en France.<\/p><p class=\"p6\">La cire froide m\u2019a ouverte \u00e0 une grande libert\u00e9 de gestes et de mati\u00e8res. Superpositions, transparences, textures\u2026 J\u2019ai explor\u00e9 l\u2019usage de spatules, pinceaux, grattoirs et parfois d\u2019objets du quotidien pour cr\u00e9er des effets singuliers. J\u2019ai \u00e9galement int\u00e9gr\u00e9 d\u2019autres mat\u00e9riaux \u2014 sable, poudre, mati\u00e8res min\u00e9rales \u2014 afin d\u2019enrichir la profondeur visuelle de mes \u0153uvres. Peindre, gratter, dissoudre, racler&#8230; Couche apr\u00e8s couche, la peinture se construit et soudain se r\u00e9v\u00e8le\u00a0!\u00a0\u00a0 C&rsquo;est de la magie\u00a0!<\/p><p class=\"p6\">Parall\u00e8lement, j\u2019ai observ\u00e9 le travail d\u2019artistes anglophones et suivi des <b>formations en ligne, <\/b>notamment avec <strong>Marina Teding VB<\/strong> et <b>Paula Dunn,<\/b> dont l&rsquo;enseignement m&rsquo;a<span class=\"Apple-converted-space\">\u00a0 <\/span>encourag\u00e9e \u00e0 poursuivre mes recherches plastiques.<\/p><p class=\"p8\"><b>Une \u00e9volution progressive vers l\u2019abstraction.<\/b><\/p><p class=\"p6\">Depuis 2023, ma pratique de la cire froide a progressivement fait \u00e9voluer mon style. D\u2019abord figuratives, mes compositions se sont orient\u00e9es vers une expression plus abstraite et intuitive, port\u00e9e par la mati\u00e8re, la couleur et le geste.<\/p><p class=\"p6\">Mes tableaux, plus intimistes, distillent l&rsquo;essence du paysage en textures subtiles, en jeux de lumi\u00e8re \u00e9ph\u00e9m\u00e8res et en ambiances d\u00e9licates.<\/p><p class=\"p8\"><b>Expositions et partage<\/b><\/p><p class=\"p6\">Je participe r\u00e9guli\u00e8rement \u00e0 des expositions locales. Ces \u00e9v\u00e9nements me permettent de faire d\u00e9couvrir cette technique au public et d\u2019\u00e9changer avec d\u2019autres artistes. En 2025, j\u2019ai eu la joie de recevoir plusieurs distinctions, dont un prix du public \u00e0 Ville d&rsquo;Avray, un prix de la ville \u00e0 S\u00e8vres et un prix du salon (peinture) \u00e0 Versailles.<\/p><p class=\"p6\">Chaque ann\u00e9e, les Portes Ouvertes de mon atelier sont l\u2019occasion de pr\u00e9senter mes nouvelles cr\u00e9ations. J\u2019ai \u00e9galement transmis cette pratique lors de mini-stages et de d\u00e9monstrations, ainsi que sur les r\u00e9seaux sociaux, o\u00f9 les \u00e9changes nourrissent et stimulent ma d\u00e9marche.<\/p><p class=\"p6\">Explorer la peinture \u00e0 la cire froide a \u00e9t\u00e9 pour moi une aventure artistique stimulante, faite d\u2019apprentissage, de rencontres et de d\u00e9couvertes. Cette technique a profond\u00e9ment enrichi ma cr\u00e9ativit\u00e9. J\u2019esp\u00e8re que mon t\u00e9moignage donnera envie \u00e0 d\u2019autres artistes de s\u2019aventurer, eux aussi, dans l\u2019univers sensible et singulier de la cire froide.<\/p><p class=\"p16\">\u00a0<\/p>\t\t\t\t\t\t\t\t<\/div>\n\t\t\t\t<\/div>\n\t\t\t\t\t<\/div>\n\t\t<\/div>\n\t\t\t\t\t<\/div>\n\t\t<\/section>\n\t\t\t\t<\/div>\n\t\t","protected":false},"excerpt":{"rendered":"<p>Bienvenue sur mon site internet&#8230; Mon parcours de peintre \u00e0 la cire froide&#8230;. \u00a0 La peinture \u00e0 la cire froide, &hellip; <a href=\"https:\/\/martinebessiere.com\/\" class=\"more-link\">Continue reading <span class=\"screen-reader-text\">Bienvenue sur mon site internet &#8230;<\/span><\/a><\/p>\n","protected":false},"author":2,"featured_media":0,"parent":0,"menu_order":0,"comment_status":"closed","ping_status":"closed","template":"","meta":{"_vp_format_video_url":"","_vp_image_focal_point":[],"footnotes":""},"class_list":["post-1917","page","type-page","status-publish","hentry"],"jetpack_sharing_enabled":true,"_links":{"self":[{"href":"https:\/\/martinebessiere.com\/index.php\/wp-json\/wp\/v2\/pages\/1917","targetHints":{"allow":["GET"]}}],"collection":[{"href":"https:\/\/martinebessiere.com\/index.php\/wp-json\/wp\/v2\/pages"}],"about":[{"href":"https:\/\/martinebessiere.com\/index.php\/wp-json\/wp\/v2\/types\/page"}],"author":[{"embeddable":true,"href":"https:\/\/martinebessiere.com\/index.php\/wp-json\/wp\/v2\/users\/2"}],"replies":[{"embeddable":true,"href":"https:\/\/martinebessiere.com\/index.php\/wp-json\/wp\/v2\/comments?post=1917"}],"version-history":[{"count":56,"href":"https:\/\/martinebessiere.com\/index.php\/wp-json\/wp\/v2\/pages\/1917\/revisions"}],"predecessor-version":[{"id":3409,"href":"https:\/\/martinebessiere.com\/index.php\/wp-json\/wp\/v2\/pages\/1917\/revisions\/3409"}],"wp:attachment":[{"href":"https:\/\/martinebessiere.com\/index.php\/wp-json\/wp\/v2\/media?parent=1917"}],"curies":[{"name":"wp","href":"https:\/\/api.w.org\/{rel}","templated":true}]}}