{"id":1871,"date":"2020-04-06T19:00:20","date_gmt":"2020-04-06T17:00:20","guid":{"rendered":"http:\/\/martinebessiere.com\/?page_id=1871"},"modified":"2026-03-20T15:01:27","modified_gmt":"2026-03-20T14:01:27","slug":"evenement","status":"publish","type":"page","link":"https:\/\/martinebessiere.com\/index.php\/evenement\/","title":{"rendered":"Mes derni\u00e8res expos"},"content":{"rendered":"\t\t<div data-elementor-type=\"wp-page\" data-elementor-id=\"1871\" class=\"elementor elementor-1871\">\n\t\t\t\t\t\t<section class=\"elementor-section elementor-top-section elementor-element elementor-element-802d286 elementor-section-stretched elementor-section-boxed elementor-section-height-default elementor-section-height-default\" data-id=\"802d286\" data-element_type=\"section\" data-e-type=\"section\" data-settings=\"{&quot;stretch_section&quot;:&quot;section-stretched&quot;}\">\n\t\t\t\t\t\t<div class=\"elementor-container elementor-column-gap-default\">\n\t\t\t\t\t<div class=\"elementor-column elementor-col-100 elementor-top-column elementor-element elementor-element-1056df7\" data-id=\"1056df7\" data-element_type=\"column\" data-e-type=\"column\">\n\t\t\t<div class=\"elementor-widget-wrap elementor-element-populated\">\n\t\t\t\t\t\t<div class=\"elementor-element elementor-element-4312340 elementor-widget elementor-widget-text-editor\" data-id=\"4312340\" data-element_type=\"widget\" data-e-type=\"widget\" data-widget_type=\"text-editor.default\">\n\t\t\t\t<div class=\"elementor-widget-container\">\n\t\t\t\t\t\t\t\t\t<h4 style=\"text-align: left;\">En 2025,&nbsp; j&rsquo;ai beaucoup expos\u00e9 dans des salons locaux : \u00e0 Meudon, S\u00e8vres, Ville d&rsquo;Avray, Versailles. J&rsquo;ai obtenu trois prix : le Prix de la Ville \u00e0 S\u00e8vres, le Prix du Public \u00e0 Ville d&rsquo;Avray, le prix de la Peinture \u00e0 Versailles. Voici quelques photos de ces heureux \u00e9v\u00e9nements&#8230;<\/h4>\t\t\t\t\t\t\t\t<\/div>\n\t\t\t\t<\/div>\n\t\t\t\t\t<\/div>\n\t\t<\/div>\n\t\t\t\t\t<\/div>\n\t\t<\/section>\n\t\t\t\t<section class=\"elementor-section elementor-top-section elementor-element elementor-element-e9832b5 elementor-section-stretched elementor-section-content-middle elementor-section-boxed elementor-section-height-default elementor-section-height-default\" data-id=\"e9832b5\" data-element_type=\"section\" data-e-type=\"section\" data-settings=\"{&quot;stretch_section&quot;:&quot;section-stretched&quot;}\">\n\t\t\t\t\t\t<div class=\"elementor-container elementor-column-gap-no\">\n\t\t\t\t\t<div class=\"elementor-column elementor-col-100 elementor-top-column elementor-element elementor-element-3db262e\" data-id=\"3db262e\" data-element_type=\"column\" data-e-type=\"column\">\n\t\t\t<div class=\"elementor-widget-wrap elementor-element-populated\">\n\t\t\t\t\t\t<div class=\"elementor-element elementor-element-f08a5d8 elementor-arrows-position-inside elementor-pagination-position-outside elementor-widget elementor-widget-image-carousel\" data-id=\"f08a5d8\" data-element_type=\"widget\" data-e-type=\"widget\" data-settings=\"{&quot;slides_to_show&quot;:&quot;5&quot;,&quot;navigation&quot;:&quot;both&quot;,&quot;autoplay&quot;:&quot;yes&quot;,&quot;pause_on_hover&quot;:&quot;yes&quot;,&quot;pause_on_interaction&quot;:&quot;yes&quot;,&quot;autoplay_speed&quot;:5000,&quot;infinite&quot;:&quot;yes&quot;,&quot;speed&quot;:500}\" data-widget_type=\"image-carousel.default\">\n\t\t\t\t<div class=\"elementor-widget-container\">\n\t\t\t\t\t\t\t<div class=\"elementor-image-carousel-wrapper swiper\" role=\"region\" aria-roledescription=\"carousel\" aria-label=\"Carrousel d\u2019images\" dir=\"ltr\">\n\t\t\t<div class=\"elementor-image-carousel swiper-wrapper swiper-image-stretch\" aria-live=\"off\">\n\t\t\t\t\t\t\t\t<div class=\"swiper-slide\" role=\"group\" aria-roledescription=\"slide\" aria-label=\"1 sur 7\"><figure class=\"swiper-slide-inner\"><img decoding=\"async\" class=\"swiper-slide-image\" src=\"https:\/\/martinebessiere.com\/wp-content\/uploads\/2026\/02\/487203488_2614517895420388_2671398824962975852_n-copie-225x300.jpg\" alt=\"487203488_2614517895420388_2671398824962975852_n copie\" \/><\/figure><\/div><div class=\"swiper-slide\" role=\"group\" aria-roledescription=\"slide\" aria-label=\"2 sur 7\"><figure class=\"swiper-slide-inner\"><img decoding=\"async\" class=\"swiper-slide-image\" src=\"https:\/\/martinebessiere.com\/wp-content\/uploads\/2026\/02\/prix-du-public-ville-davray-2-copie-2-265x300.jpg\" alt=\"prix du public ville d&#039;avray 2 copie 2\" \/><\/figure><\/div><div class=\"swiper-slide\" role=\"group\" aria-roledescription=\"slide\" aria-label=\"3 sur 7\"><figure class=\"swiper-slide-inner\"><img decoding=\"async\" class=\"swiper-slide-image\" src=\"https:\/\/martinebessiere.com\/wp-content\/uploads\/2026\/02\/expo-galerie-mezzanine-sevres-300x195.jpg\" alt=\"expo galerie mezzanine sevres\" \/><\/figure><\/div><div class=\"swiper-slide\" role=\"group\" aria-roledescription=\"slide\" aria-label=\"4 sur 7\"><figure class=\"swiper-slide-inner\"><img decoding=\"async\" class=\"swiper-slide-image\" src=\"https:\/\/martinebessiere.com\/wp-content\/uploads\/2026\/02\/photo-tableau-coupe-copie-3-300x292.jpg\" alt=\"photo tableau coupe\u0301 copie 3\" \/><\/figure><\/div><div class=\"swiper-slide\" role=\"group\" aria-roledescription=\"slide\" aria-label=\"5 sur 7\"><figure class=\"swiper-slide-inner\"><img decoding=\"async\" class=\"swiper-slide-image\" src=\"https:\/\/martinebessiere.com\/wp-content\/uploads\/2026\/02\/martine.bessiere.expo_.VDA_-300x300.jpg\" alt=\"martine.bessiere.expo.VDA\" \/><\/figure><\/div><div class=\"swiper-slide\" role=\"group\" aria-roledescription=\"slide\" aria-label=\"6 sur 7\"><figure class=\"swiper-slide-inner\"><img decoding=\"async\" class=\"swiper-slide-image\" src=\"https:\/\/martinebessiere.com\/wp-content\/uploads\/2026\/02\/ea3d1c8e-d30f-4cf9-9c77-21b70b52c7ee-2-190x300.jpg\" alt=\"ea3d1c8e-d30f-4cf9-9c77-21b70b52c7ee 2\" \/><\/figure><\/div><div class=\"swiper-slide\" role=\"group\" aria-roledescription=\"slide\" aria-label=\"7 sur 7\"><figure class=\"swiper-slide-inner\"><img decoding=\"async\" class=\"swiper-slide-image\" src=\"https:\/\/martinebessiere.com\/wp-content\/uploads\/2026\/02\/expo-forum-sevrien-300x217.jpg\" alt=\"expo forum sevrien\" \/><\/figure><\/div>\t\t\t<\/div>\n\t\t\t\t\t\t\t\t\t\t\t\t<div class=\"elementor-swiper-button elementor-swiper-button-prev\" role=\"button\" tabindex=\"0\">\n\t\t\t\t\t\t<i aria-hidden=\"true\" class=\"eicon-chevron-left\"><\/i>\t\t\t\t\t<\/div>\n\t\t\t\t\t<div class=\"elementor-swiper-button elementor-swiper-button-next\" role=\"button\" tabindex=\"0\">\n\t\t\t\t\t\t<i aria-hidden=\"true\" class=\"eicon-chevron-right\"><\/i>\t\t\t\t\t<\/div>\n\t\t\t\t\n\t\t\t\t\t\t\t\t\t<div class=\"swiper-pagination\"><\/div>\n\t\t\t\t\t\t\t\t\t<\/div>\n\t\t\t\t\t\t<\/div>\n\t\t\t\t<\/div>\n\t\t\t\t\t<\/div>\n\t\t<\/div>\n\t\t\t\t\t<\/div>\n\t\t<\/section>\n\t\t\t\t<section class=\"elementor-section elementor-top-section elementor-element elementor-element-b6222f5 elementor-section-stretched elementor-section-boxed elementor-section-height-default elementor-section-height-default\" data-id=\"b6222f5\" data-element_type=\"section\" data-e-type=\"section\" data-settings=\"{&quot;stretch_section&quot;:&quot;section-stretched&quot;}\">\n\t\t\t\t\t\t<div class=\"elementor-container elementor-column-gap-default\">\n\t\t\t\t\t<div class=\"elementor-column elementor-col-100 elementor-top-column elementor-element elementor-element-ca81efa\" data-id=\"ca81efa\" data-element_type=\"column\" data-e-type=\"column\">\n\t\t\t<div class=\"elementor-widget-wrap elementor-element-populated\">\n\t\t\t\t\t\t<div class=\"elementor-element elementor-element-c4ad9a4 elementor-widget elementor-widget-text-editor\" data-id=\"c4ad9a4\" data-element_type=\"widget\" data-e-type=\"widget\" data-widget_type=\"text-editor.default\">\n\t\t\t\t<div class=\"elementor-widget-container\">\n\t\t\t\t\t\t\t\t\t<p class=\"p2\"><b>EXPOSITIONS PERSONNELLES<\/b><\/p><p class=\"p2\"><b>2025\u00a0<\/b> <span class=\"Apple-converted-space\">\u00a0 \u00a0 \u00a0 \u00a0 \u00a0 \u00a0<\/span><\/p><p class=\"p2\">04\/03-10\/04 LA MAISON DE LA PAROLE A MEUDON. EXPOSITION PERSONNELLE.<\/p><p class=\"p3\"><b>2024<\/b><\/p><p class=\"p3\">25-26\/05 EXPOSITION DE MES DERRIERES PEINTURES AVEC LES CERAMISTES DES PIERRES DU GUET, FORUM SEVRIEN<\/p><p class=\"p2\"><b>EXPOSITIONS COLLECTIVES<\/b><\/p><p class=\"p2\"><b>2025<\/b><\/p><p class=\"p2\">03-16\/11<span class=\"Apple-converted-space\">\u00a0 \u00a0 \u00a0 \u00a0 \u00a0 <\/span>SALON DE LA STE VERSAILLAISES DES ARTISTES D&rsquo;ILE DE FRANCE.<\/p><p class=\"p2\"><span class=\"Apple-converted-space\">\u00a0\u00a0 \u00a0 \u00a0 \u00a0 \u00a0 \u00a0 \u00a0 \u00a0 \u00a0 \u00a0 \u00a0 \u00a0 <\/span><span class=\"s1\"><b>PRIX DE LA PEINTURE.<\/b><\/span><\/p><p class=\"p2\">01-18\/10<span class=\"Apple-converted-space\">\u00a0 \u00a0 \u00a0 \u00a0 \u00a0 <\/span>SALON DES LAUREATS. CENTRE CULTUREL LE COLOMBIER.VILLE D&rsquo;AVRAY<\/p><p class=\"p2\">21-22\/09<span class=\"Apple-converted-space\">\u00a0 \u00a0 \u00a0 \u00a0 \u00a0 <\/span>PORTES OUVERTES DES ATELIERS D&rsquo;ARTISTES A SEVRES.<\/p><p class=\"p2\">25\/0 MARCHE DE L&rsquo;ART A SEVRES. UN STAND.<\/p><p class=\"p2\">16-25\/05<span class=\"Apple-converted-space\">\u00a0 \u00a0 \u00a0 \u00a0 \u00a0 <\/span>SALON DES ARTS DE SEVRES.<span class=\"s1\"><b> PRIX DE LA VILLE.<\/b><\/span><\/p><p class=\"p2\">24\/03-13\/04 <span class=\"Apple-converted-space\">\u00a0 \u00a0 <\/span>SALON DE VILLE D&rsquo;AVRAY. GALERIE L&rsquo;ENTRACTE. <span class=\"s1\"><b>PRIX DU PUBLIC.<\/b><\/span><\/p><p class=\"p2\">08-16\/02<span class=\"Apple-converted-space\">\u00a0 \u00a0 \u00a0 \u00a0 \u00a0 <\/span>LES PEINTRES DU JOSAS. EXPO COLLECTIVE<\/p><p class=\"p2\">05\/12-06\/01 <span class=\"Apple-converted-space\">\u00a0 \u00a0 <\/span>GALERIE MEZZANINE A SEVRES. CINQ EXPOSANTS.<\/p><p class=\"p2\"><b>2024<\/b><\/p><p class=\"p2\">07-08\/12 LES TYBILLES A MEUDON. EXPOSITION COLLECTIVE<\/p><p class=\"p2\">21-22\/09 <span class=\"Apple-converted-space\">\u00a0 \u00a0 \u00a0 \u00a0 \u00a0 <\/span>PORTES OUVERTES DES ATELIERS ARTISTES DE MEUDON<\/p><p class=\"p2\">04-29\/09 <span class=\"Apple-converted-space\">\u00a0 \u00a0 \u00a0 \u00a0 \u00a0 <\/span>EXPOSITION COLLECTIVE AU CENTRE ART ET CULTURE DE MEUDON<\/p><p class=\"p2\">01-30\/06 <span class=\"Apple-converted-space\">\u00a0 \u00a0 \u00a0 \u00a0 \u00a0 <\/span>EXPOSITION COLLECTIVE A L&rsquo;ORANGERIE DU CHATEAU DE MEUDON<\/p><p class=\"p2\">25-26\/05 <span class=\"Apple-converted-space\">\u00a0 \u00a0 \u00a0 \u00a0 \u00a0 <\/span>FORUM SEVRIEN<\/p><p class=\"p2\">16-17\/05 <span class=\"Apple-converted-space\">\u00a0 \u00a0 \u00a0 \u00a0 \u00a0 <\/span>EXPOSITION ACADEMIE D&rsquo;ART DE MEUDON<span class=\"Apple-converted-space\">\u00a0 \u00a0 \u00a0 \u00a0 \u00a0 \u00a0<\/span><\/p><p class=\"p2\">24\/03-16\/04<span class=\"Apple-converted-space\">\u00a0 \u00a0 \u00a0 <\/span>SALON AIVA DE VILLE D&rsquo;AVRAY<\/p><p class=\"p2\">16-16\/03 <span class=\"Apple-converted-space\">\u00a0 \u00a0 \u00a0 \u00a0 \u00a0 <\/span>GALERIE LOUBAT A SEVRES. PETITS FORMATS. LA FIESTA<\/p><p class=\"p2\"><b>2023<\/b><\/p><p class=\"p2\">08\/10 <span class=\"Apple-converted-space\">\u00a0 \u00a0 \u00a0 \u00a0 \u00a0 \u00a0 \u00a0 <\/span>JOURNEE DES ARTS DE VILLE D&rsquo;AVRAY<\/p><p class=\"p2\">30\/09-01\/10 <span class=\"Apple-converted-space\">\u00a0 \u00a0 <\/span>PORTES OUVERTES DES ATELIERS D&rsquo;ARTISTES A SEVRES<\/p><p class=\"p2\">12-21\/05<span class=\"Apple-converted-space\">\u00a0 \u00a0 \u00a0 \u00a0 \u00a0 <\/span>SALON DE LA SEVRIENNE DES ARTS. EXPOSITIION COLLECTIVE.<\/p><p class=\"p2\">03-04 <span class=\"Apple-converted-space\">\u00a0 \u00a0 \u00a0 \u00a0 \u00a0 \u00a0 \u00a0 <\/span>SALON DE VILLE D&rsquo;AVRAY<\/p><p class=\"p2\"><b>2022<\/b><\/p><p class=\"p2\">06\/09-02\/10 <span class=\"Apple-converted-space\">\u00a0 \u00a0 <\/span>EXPOSITION COLLECTIVE AU CENTRE D&rsquo;ART ET DE CULTURE DE\u00a0<\/p><p class=\"p2\"><span class=\"Apple-converted-space\">\u00a0\u00a0 \u00a0 \u00a0 \u00a0 \u00a0 \u00a0 \u00a0 \u00a0 \u00a0 \u00a0 \u00a0 \u00a0 <\/span>MEUDON<\/p><p class=\"p2\">24-25\/09<span class=\"Apple-converted-space\">\u00a0 \u00a0 \u00a0 \u00a0 \u00a0 <\/span>PORTES OUVERTES DES ATELIERS D&rsquo;ARTISTES DE MEUDON<\/p><p class=\"p2\">07-26\/05<span class=\"Apple-converted-space\">\u00a0 \u00a0 \u00a0 \u00a0 \u00a0 <\/span>EXPOSITION COLLECTIVE A L&rsquo;ORANGERIE DU CHATEAU DE MEUDON<span class=\"Apple-converted-space\">\u00a0 \u00a0 \u00a0 \u00a0 \u00a0 \u00a0 \u00a0 \u00a0 \u00a0 \u00a0 \u00a0 \u00a0 \u00a0<\/span><\/p><p class=\"p2\"><b>2021<\/b><\/p><p class=\"p2\">2 et 3\/10<span class=\"Apple-converted-space\">\u00a0 \u00a0 \u00a0 \u00a0 \u00a0 <\/span>GALERIE LOUBAT A SEVRES. EXPOSITION COLLECTIVE<\/p><p class=\"p2\"><span class=\"Apple-converted-space\">\u00a0 \u00a0 \u00a0 \u00a0 \u00a0 \u00a0 \u00a0 \u00a0 \u00a0 \u00a0 \u00a0 \u00a0 <\/span>SEVRIENNE DES ARTS. PETITS FORMATS<\/p><p class=\"p2\">21-26\/09 EXPO COLLECTIVE GALERIE LOUBAT<\/p><p class=\"p2\">\/05 <span class=\"Apple-converted-space\">\u00a0 \u00a0 \u00a0 \u00a0 \u00a0 \u00a0 \u00a0 \u00a0 \u00a0 <\/span>MARCHE DE L&rsquo;ART A MEUDON<\/p><p class=\"p2\">29\/05j<span class=\"Apple-converted-space\">\u00a0 \u00a0 \u00a0 \u00a0 \u00a0 \u00a0 \u00a0 <\/span>JOURNEE DE L&rsquo;ENVIRONNEMENT A VILLE D&rsquo;AVRAY<\/p><p class=\"p2\">21-30\/05 SALON SEVRIENNE DES ARTS A SEVRES- EMERGENCE<\/p><p class=\"p2\">10-28\/03 SALON DE VILLE D&rsquo;AVRAY &#8211; GALERIE L&rsquo;ENTRACTE EXPO COLLECTIVE<\/p><p class=\"p2\">01\/03MARCHE DE L&rsquo;ART AVEC L&rsquo;ACADEMIE D&rsquo;ART DE MEUDON<\/p>\t\t\t\t\t\t\t\t<\/div>\n\t\t\t\t<\/div>\n\t\t\t\t\t<\/div>\n\t\t<\/div>\n\t\t\t\t\t<\/div>\n\t\t<\/section>\n\t\t\t\t<\/div>\n\t\t","protected":false},"excerpt":{"rendered":"<p>En 2025,&nbsp; j&rsquo;ai beaucoup expos\u00e9 dans des salons locaux : \u00e0 Meudon, S\u00e8vres, Ville d&rsquo;Avray, Versailles. J&rsquo;ai obtenu trois prix &hellip; <a href=\"https:\/\/martinebessiere.com\/index.php\/evenement\/\" class=\"more-link\">Continue reading <span class=\"screen-reader-text\">Mes derni\u00e8res expos<\/span><\/a><\/p>\n","protected":false},"author":2,"featured_media":0,"parent":0,"menu_order":0,"comment_status":"closed","ping_status":"closed","template":"","meta":{"_vp_format_video_url":"","_vp_image_focal_point":[],"footnotes":""},"class_list":["post-1871","page","type-page","status-publish","hentry"],"jetpack_sharing_enabled":true,"_links":{"self":[{"href":"https:\/\/martinebessiere.com\/index.php\/wp-json\/wp\/v2\/pages\/1871","targetHints":{"allow":["GET"]}}],"collection":[{"href":"https:\/\/martinebessiere.com\/index.php\/wp-json\/wp\/v2\/pages"}],"about":[{"href":"https:\/\/martinebessiere.com\/index.php\/wp-json\/wp\/v2\/types\/page"}],"author":[{"embeddable":true,"href":"https:\/\/martinebessiere.com\/index.php\/wp-json\/wp\/v2\/users\/2"}],"replies":[{"embeddable":true,"href":"https:\/\/martinebessiere.com\/index.php\/wp-json\/wp\/v2\/comments?post=1871"}],"version-history":[{"count":70,"href":"https:\/\/martinebessiere.com\/index.php\/wp-json\/wp\/v2\/pages\/1871\/revisions"}],"predecessor-version":[{"id":3379,"href":"https:\/\/martinebessiere.com\/index.php\/wp-json\/wp\/v2\/pages\/1871\/revisions\/3379"}],"wp:attachment":[{"href":"https:\/\/martinebessiere.com\/index.php\/wp-json\/wp\/v2\/media?parent=1871"}],"curies":[{"name":"wp","href":"https:\/\/api.w.org\/{rel}","templated":true}]}}