{"id":1744,"date":"2020-02-22T15:16:13","date_gmt":"2020-02-22T14:16:13","guid":{"rendered":"http:\/\/martinebessiere.com\/?page_id=1744"},"modified":"2022-12-09T12:53:40","modified_gmt":"2022-12-09T11:53:40","slug":"peintures-a-lencaustique","status":"publish","type":"page","link":"https:\/\/martinebessiere.com\/index.php\/peintures-a-lencaustique\/","title":{"rendered":"Peintures \u00e0 la cire"},"content":{"rendered":"\t\t<div data-elementor-type=\"wp-page\" data-elementor-id=\"1744\" class=\"elementor elementor-1744\">\n\t\t\t\t\t\t<section class=\"elementor-section elementor-top-section elementor-element elementor-element-215d70b elementor-section-stretched elementor-section-full_width elementor-section-content-middle elementor-section-height-default elementor-section-height-default\" data-id=\"215d70b\" data-element_type=\"section\" data-e-type=\"section\" data-settings=\"{&quot;stretch_section&quot;:&quot;section-stretched&quot;}\">\n\t\t\t\t\t\t<div class=\"elementor-container elementor-column-gap-default\">\n\t\t\t\t\t<div class=\"elementor-column elementor-col-100 elementor-top-column elementor-element elementor-element-cd431f6\" data-id=\"cd431f6\" data-element_type=\"column\" data-e-type=\"column\">\n\t\t\t<div class=\"elementor-widget-wrap elementor-element-populated\">\n\t\t\t\t\t\t<div class=\"elementor-element elementor-element-1c6fe8b elementor-arrows-position-inside elementor-pagination-position-outside elementor-widget elementor-widget-image-carousel\" data-id=\"1c6fe8b\" data-element_type=\"widget\" data-e-type=\"widget\" data-settings=\"{&quot;slides_to_show&quot;:&quot;3&quot;,&quot;navigation&quot;:&quot;both&quot;,&quot;autoplay&quot;:&quot;yes&quot;,&quot;pause_on_hover&quot;:&quot;yes&quot;,&quot;pause_on_interaction&quot;:&quot;yes&quot;,&quot;autoplay_speed&quot;:5000,&quot;infinite&quot;:&quot;yes&quot;,&quot;speed&quot;:500}\" data-widget_type=\"image-carousel.default\">\n\t\t\t\t<div class=\"elementor-widget-container\">\n\t\t\t\t\t\t\t<div class=\"elementor-image-carousel-wrapper swiper\" role=\"region\" aria-roledescription=\"carousel\" aria-label=\"Carrousel d\u2019images\" dir=\"ltr\">\n\t\t\t<div class=\"elementor-image-carousel swiper-wrapper swiper-image-stretch\" aria-live=\"off\">\n\t\t\t\t\t\t\t\t<div class=\"swiper-slide\" role=\"group\" aria-roledescription=\"slide\" aria-label=\"1 sur 14\"><a data-elementor-open-lightbox=\"yes\" data-elementor-lightbox-slideshow=\"1c6fe8b\" data-elementor-lightbox-title=\"Promeneur solitaire\" data-elementor-lightbox-description=\"Peinture \u00e0 la cire sur bois, format 30x30 cm, 2019\" data-e-action-hash=\"#elementor-action%3Aaction%3Dlightbox%26settings%3DeyJpZCI6MjEwNSwidXJsIjoiaHR0cHM6XC9cL21hcnRpbmViZXNzaWVyZS5jb21cL3dwLWNvbnRlbnRcL3VwbG9hZHNcLzIwMTlcLzExXC9JTUdfNjgwMC1jb3BpZS1lMTU4OTM3OTc2MzM4OC5qcGciLCJzbGlkZXNob3ciOiIxYzZmZThiIn0%3D\" href=\"https:\/\/martinebessiere.com\/wp-content\/uploads\/2019\/11\/IMG_6800-copie-e1589379763388.jpg\"><figure class=\"swiper-slide-inner\"><img decoding=\"async\" class=\"swiper-slide-image\" src=\"https:\/\/martinebessiere.com\/wp-content\/uploads\/2019\/11\/IMG_6800-copie-e1589379763388-300x300.jpg\" alt=\"Promeneur solitaire\" \/><\/figure><\/a><\/div><div class=\"swiper-slide\" role=\"group\" aria-roledescription=\"slide\" aria-label=\"2 sur 14\"><a data-elementor-open-lightbox=\"yes\" data-elementor-lightbox-slideshow=\"1c6fe8b\" data-elementor-lightbox-title=\"Douceur du soir\" data-elementor-lightbox-description=\"Peinture \u00e0 la cire et collage sur bois, format 30x30 cm, 2019\" data-e-action-hash=\"#elementor-action%3Aaction%3Dlightbox%26settings%3DeyJpZCI6MjEwMiwidXJsIjoiaHR0cHM6XC9cL21hcnRpbmViZXNzaWVyZS5jb21cL3dwLWNvbnRlbnRcL3VwbG9hZHNcLzIwMTlcLzExXC9JTUdfNjgxMi1jb3BpZS1lMTU4OTM3OTg5MjI0Ny5qcGciLCJzbGlkZXNob3ciOiIxYzZmZThiIn0%3D\" href=\"https:\/\/martinebessiere.com\/wp-content\/uploads\/2019\/11\/IMG_6812-copie-e1589379892247.jpg\"><figure class=\"swiper-slide-inner\"><img decoding=\"async\" class=\"swiper-slide-image\" src=\"https:\/\/martinebessiere.com\/wp-content\/uploads\/2019\/11\/IMG_6812-copie-e1589379892247-300x300.jpg\" alt=\"Douceur du soir\" \/><\/figure><\/a><\/div><div class=\"swiper-slide\" role=\"group\" aria-roledescription=\"slide\" aria-label=\"3 sur 14\"><a data-elementor-open-lightbox=\"yes\" data-elementor-lightbox-slideshow=\"1c6fe8b\" data-elementor-lightbox-title=\"Pin Parasol\" data-elementor-lightbox-description=\"Peinture \u00e0 la cire et collage et collage sur bois, format 30x30 cm, 2020\" data-e-action-hash=\"#elementor-action%3Aaction%3Dlightbox%26settings%3DeyJpZCI6MjEwNiwidXJsIjoiaHR0cHM6XC9cL21hcnRpbmViZXNzaWVyZS5jb21cL3dwLWNvbnRlbnRcL3VwbG9hZHNcLzIwMTlcLzExXC9JTUdfNjcyNS1lMTU4OTM4MDEzMTI3OC5qcGciLCJzbGlkZXNob3ciOiIxYzZmZThiIn0%3D\" href=\"https:\/\/martinebessiere.com\/wp-content\/uploads\/2019\/11\/IMG_6725-e1589380131278.jpg\"><figure class=\"swiper-slide-inner\"><img decoding=\"async\" class=\"swiper-slide-image\" src=\"https:\/\/martinebessiere.com\/wp-content\/uploads\/2019\/11\/IMG_6725-e1589380131278-300x300.jpg\" alt=\"Pin Parasol\" \/><\/figure><\/a><\/div><div class=\"swiper-slide\" role=\"group\" aria-roledescription=\"slide\" aria-label=\"4 sur 14\"><a data-elementor-open-lightbox=\"yes\" data-elementor-lightbox-slideshow=\"1c6fe8b\" data-elementor-lightbox-title=\"La maison d&#039;en face\" data-elementor-lightbox-description=\"Peinture \u00e0 la cire et collage sur bois, format 30x30 cm, 2020\" data-e-action-hash=\"#elementor-action%3Aaction%3Dlightbox%26settings%3DeyJpZCI6MjEwNCwidXJsIjoiaHR0cHM6XC9cL21hcnRpbmViZXNzaWVyZS5jb21cL3dwLWNvbnRlbnRcL3VwbG9hZHNcLzIwMTlcLzExXC9JTUdfNjg0NS1lMTU4OTM4MDIyMTkzNS5qcGciLCJzbGlkZXNob3ciOiIxYzZmZThiIn0%3D\" href=\"https:\/\/martinebessiere.com\/wp-content\/uploads\/2019\/11\/IMG_6845-e1589380221935.jpg\"><figure class=\"swiper-slide-inner\"><img decoding=\"async\" class=\"swiper-slide-image\" src=\"https:\/\/martinebessiere.com\/wp-content\/uploads\/2019\/11\/IMG_6845-e1589380221935-300x300.jpg\" alt=\"La maison d&#039;en face\" \/><\/figure><\/a><\/div><div class=\"swiper-slide\" role=\"group\" aria-roledescription=\"slide\" aria-label=\"5 sur 14\"><a data-elementor-open-lightbox=\"yes\" data-elementor-lightbox-slideshow=\"1c6fe8b\" data-elementor-lightbox-title=\"Noah derri\u00e8re la fen\u00eatre\" data-elementor-lightbox-description=\"Peinture \u00e0 la cire et collage sur bois, format 30x30 cm, 2019\" data-e-action-hash=\"#elementor-action%3Aaction%3Dlightbox%26settings%3DeyJpZCI6MTY4MiwidXJsIjoiaHR0cHM6XC9cL21hcnRpbmViZXNzaWVyZS5jb21cL3dwLWNvbnRlbnRcL3VwbG9hZHNcLzIwMTlcLzExXC9Ob2FoLWRlcnJpXHUwMGU4cmUtbGEtZmVuXHUwMGVhdHJlLjIweDMwLTIwMTktZTE1ODg1MjU3NjcyODQuanBnIiwic2xpZGVzaG93IjoiMWM2ZmU4YiJ9\" href=\"https:\/\/martinebessiere.com\/wp-content\/uploads\/2019\/11\/Noah-derri\u00e8re-la-fen\u00eatre.20x30-2019-e1588525767284.jpg\"><figure class=\"swiper-slide-inner\"><img decoding=\"async\" class=\"swiper-slide-image\" src=\"https:\/\/martinebessiere.com\/wp-content\/uploads\/2019\/11\/Noah-derri\u00e8re-la-fen\u00eatre.20x30-2019-300x300.jpg\" alt=\"Noah derri\u00e8re la fen\u00eatre\" \/><\/figure><\/a><\/div><div class=\"swiper-slide\" role=\"group\" aria-roledescription=\"slide\" aria-label=\"6 sur 14\"><a data-elementor-open-lightbox=\"yes\" data-elementor-lightbox-slideshow=\"1c6fe8b\" data-elementor-lightbox-title=\"Feuille de foug\u00e8re \" data-elementor-lightbox-description=\"Peinture \u00e0 la cire et v\u00e9g\u00e9taux sur bois, format 30x30 cm, 2019\" data-e-action-hash=\"#elementor-action%3Aaction%3Dlightbox%26settings%3DeyJpZCI6MTY3MywidXJsIjoiaHR0cHM6XC9cL21hcnRpbmViZXNzaWVyZS5jb21cL3dwLWNvbnRlbnRcL3VwbG9hZHNcLzIwMTlcLzExXC9GZXVpbGxlLXNcdTAwZTljaFx1MDBlOWUtZGFucy11bi1jYWhpZXIuMzB4MzAtMjAxOS1lMTU4OTM3OTU0NTE2MC5qcGciLCJzbGlkZXNob3ciOiIxYzZmZThiIn0%3D\" href=\"https:\/\/martinebessiere.com\/wp-content\/uploads\/2019\/11\/Feuille-s\u00e9ch\u00e9e-dans-un-cahier.30x30-2019-e1589379545160.jpg\"><figure class=\"swiper-slide-inner\"><img decoding=\"async\" class=\"swiper-slide-image\" src=\"https:\/\/martinebessiere.com\/wp-content\/uploads\/2019\/11\/Feuille-s\u00e9ch\u00e9e-dans-un-cahier.30x30-2019-e1589379545160-300x300.jpg\" alt=\"Feuille de foug\u00e8re\" \/><\/figure><\/a><\/div><div class=\"swiper-slide\" role=\"group\" aria-roledescription=\"slide\" aria-label=\"7 sur 14\"><a data-elementor-open-lightbox=\"yes\" data-elementor-lightbox-slideshow=\"1c6fe8b\" data-elementor-lightbox-title=\"Ma m\u00e8re\" data-elementor-lightbox-description=\"Peinture \u00e0 la cire et collage sur bois, 30x30 cm, 2020\" data-e-action-hash=\"#elementor-action%3Aaction%3Dlightbox%26settings%3DeyJpZCI6MjEwMSwidXJsIjoiaHR0cHM6XC9cL21hcnRpbmViZXNzaWVyZS5jb21cL3dwLWNvbnRlbnRcL3VwbG9hZHNcLzIwMTlcLzExXC9tYS1tXHUwMGU4cmUtY29waWUtZTE1ODkxMjUwODc1NDUuanBnIiwic2xpZGVzaG93IjoiMWM2ZmU4YiJ9\" href=\"https:\/\/martinebessiere.com\/wp-content\/uploads\/2019\/11\/ma-m\u00e8re-copie-e1589125087545.jpg\"><figure class=\"swiper-slide-inner\"><img decoding=\"async\" class=\"swiper-slide-image\" src=\"https:\/\/martinebessiere.com\/wp-content\/uploads\/2019\/11\/ma-m\u00e8re-copie-e1589125087545-300x300.jpg\" alt=\"Ma m\u00e8re\" \/><\/figure><\/a><\/div><div class=\"swiper-slide\" role=\"group\" aria-roledescription=\"slide\" aria-label=\"8 sur 14\"><a data-elementor-open-lightbox=\"yes\" data-elementor-lightbox-slideshow=\"1c6fe8b\" data-elementor-lightbox-title=\"Gw\u00e9na\u00eble et ses filles\" data-elementor-lightbox-description=\"Peinture \u00e0 la cire sur bois, format 30x30 cm, 2019\" data-e-action-hash=\"#elementor-action%3Aaction%3Dlightbox%26settings%3DeyJpZCI6MTY3NywidXJsIjoiaHR0cHM6XC9cL21hcnRpbmViZXNzaWVyZS5jb21cL3dwLWNvbnRlbnRcL3VwbG9hZHNcLzIwMTlcLzExXC9JTUdfMjAxOTEyMjFfMTcxMTIwLXNjYWxlZC1lMTU4OTEyNTAwOTUzNC5qcGciLCJzbGlkZXNob3ciOiIxYzZmZThiIn0%3D\" href=\"https:\/\/martinebessiere.com\/wp-content\/uploads\/2019\/11\/IMG_20191221_171120-scaled-e1589125009534.jpg\"><figure class=\"swiper-slide-inner\"><img decoding=\"async\" class=\"swiper-slide-image\" src=\"https:\/\/martinebessiere.com\/wp-content\/uploads\/2019\/11\/IMG_20191221_171120-scaled-e1589125009534-300x300.jpg\" alt=\"Gw\u00e9na\u00eble et ses filles\" \/><\/figure><\/a><\/div><div class=\"swiper-slide\" role=\"group\" aria-roledescription=\"slide\" aria-label=\"9 sur 14\"><a data-elementor-open-lightbox=\"yes\" data-elementor-lightbox-slideshow=\"1c6fe8b\" data-elementor-lightbox-title=\"Gw\u00e9na\u00eblle\" data-elementor-lightbox-description=\"Peinture \u00e0 la cire sur bois, format 30x30 cm, 2019\" data-e-action-hash=\"#elementor-action%3Aaction%3Dlightbox%26settings%3DeyJpZCI6MTY3NCwidXJsIjoiaHR0cHM6XC9cL21hcnRpbmViZXNzaWVyZS5jb21cL3dwLWNvbnRlbnRcL3VwbG9hZHNcLzIwMTlcLzExXC9Hd1x1MDBlOW5hXHUwMGVibGxlLjMweDMwLTIwMTktc2NhbGVkLWUxNTg4NTI1OTQwNDMzLmpwZyIsInNsaWRlc2hvdyI6IjFjNmZlOGIifQ%3D%3D\" href=\"https:\/\/martinebessiere.com\/wp-content\/uploads\/2019\/11\/Gw\u00e9na\u00eblle.30x30-2019-scaled-e1588525940433.jpg\"><figure class=\"swiper-slide-inner\"><img decoding=\"async\" class=\"swiper-slide-image\" src=\"https:\/\/martinebessiere.com\/wp-content\/uploads\/2019\/11\/Gw\u00e9na\u00eblle.30x30-2019-300x300.jpg\" alt=\"Gw\u00e9na\u00eblle\" \/><\/figure><\/a><\/div><div class=\"swiper-slide\" role=\"group\" aria-roledescription=\"slide\" aria-label=\"10 sur 14\"><a data-elementor-open-lightbox=\"yes\" data-elementor-lightbox-slideshow=\"1c6fe8b\" data-elementor-lightbox-title=\"Bol bleu\" data-elementor-lightbox-description=\"Peinture \u00e0 la cire, format 30x30 cm, 2019\" data-e-action-hash=\"#elementor-action%3Aaction%3Dlightbox%26settings%3DeyJpZCI6MTY3MiwidXJsIjoiaHR0cHM6XC9cL21hcnRpbmViZXNzaWVyZS5jb21cL3dwLWNvbnRlbnRcL3VwbG9hZHNcLzIwMTlcLzExXC9Cb2wtYmxldS4zMHgzMC0yMDE5LXNjYWxlZC1lMTU4OTM3OTE2MDg4MC5qcGciLCJzbGlkZXNob3ciOiIxYzZmZThiIn0%3D\" href=\"https:\/\/martinebessiere.com\/wp-content\/uploads\/2019\/11\/Bol-bleu.30x30-2019-scaled-e1589379160880.jpg\"><figure class=\"swiper-slide-inner\"><img decoding=\"async\" class=\"swiper-slide-image\" src=\"https:\/\/martinebessiere.com\/wp-content\/uploads\/2019\/11\/Bol-bleu.30x30-2019-scaled-e1589379160880-300x300.jpg\" alt=\"Bol bleu\" \/><\/figure><\/a><\/div><div class=\"swiper-slide\" role=\"group\" aria-roledescription=\"slide\" aria-label=\"11 sur 14\"><a data-elementor-open-lightbox=\"yes\" data-elementor-lightbox-slideshow=\"1c6fe8b\" data-elementor-lightbox-title=\"La m\u00e9duse\" data-elementor-lightbox-description=\"Peinture \u00e0 la cire sur bois, 22x30-2019\" data-e-action-hash=\"#elementor-action%3Aaction%3Dlightbox%26settings%3DeyJpZCI6MTY4MSwidXJsIjoiaHR0cHM6XC9cL21hcnRpbmViZXNzaWVyZS5jb21cL3dwLWNvbnRlbnRcL3VwbG9hZHNcLzIwMTlcLzExXC9MYS1tXHUwMGU5ZHVzZS4yMngzMC0yMDE5LWUxNTg4NTI1ODMwNTE0LmpwZyIsInNsaWRlc2hvdyI6IjFjNmZlOGIifQ%3D%3D\" href=\"https:\/\/martinebessiere.com\/wp-content\/uploads\/2019\/11\/La-m\u00e9duse.22x30-2019-e1588525830514.jpg\"><figure class=\"swiper-slide-inner\"><img decoding=\"async\" class=\"swiper-slide-image\" src=\"https:\/\/martinebessiere.com\/wp-content\/uploads\/2019\/11\/La-m\u00e9duse.22x30-2019-300x300.jpg\" alt=\"La m\u00e9duse\" \/><\/figure><\/a><\/div><div class=\"swiper-slide\" role=\"group\" aria-roledescription=\"slide\" aria-label=\"12 sur 14\"><a data-elementor-open-lightbox=\"yes\" data-elementor-lightbox-slideshow=\"1c6fe8b\" data-elementor-lightbox-title=\"La mer\" data-elementor-lightbox-description=\"Peinture \u00e0 la cire sur bois, format 30x30 cm, 2020\" data-e-action-hash=\"#elementor-action%3Aaction%3Dlightbox%26settings%3DeyJpZCI6MTY4MCwidXJsIjoiaHR0cHM6XC9cL21hcnRpbmViZXNzaWVyZS5jb21cL3dwLWNvbnRlbnRcL3VwbG9hZHNcLzIwMTlcLzExXC9MXHUwMGU5Y3VtZS4zMHgzMC0yMDE5LXNjYWxlZC1lMTU4OTEyNDYyMzM4Ny5qcGciLCJzbGlkZXNob3ciOiIxYzZmZThiIn0%3D\" href=\"https:\/\/martinebessiere.com\/wp-content\/uploads\/2019\/11\/L\u00e9cume.30x30-2019-scaled-e1589124623387.jpg\"><figure class=\"swiper-slide-inner\"><img decoding=\"async\" class=\"swiper-slide-image\" src=\"https:\/\/martinebessiere.com\/wp-content\/uploads\/2019\/11\/L\u00e9cume.30x30-2019-scaled-e1589124623387-300x300.jpg\" alt=\"La mer\" \/><\/figure><\/a><\/div><div class=\"swiper-slide\" role=\"group\" aria-roledescription=\"slide\" aria-label=\"13 sur 14\"><a data-elementor-open-lightbox=\"yes\" data-elementor-lightbox-slideshow=\"1c6fe8b\" data-elementor-lightbox-title=\"L&#039;eau\" data-elementor-lightbox-description=\"Peinture \u00e0 la cire sur bois, format 30x30 cm, 2020\" data-e-action-hash=\"#elementor-action%3Aaction%3Dlightbox%26settings%3DeyJpZCI6MTY3OSwidXJsIjoiaHR0cHM6XC9cL21hcnRpbmViZXNzaWVyZS5jb21cL3dwLWNvbnRlbnRcL3VwbG9hZHNcLzIwMTlcLzExXC9MZWF1LjMweDMwLTIwMTktc2NhbGVkLWUxNTg5Mzc4OTcxODU3LmpwZyIsInNsaWRlc2hvdyI6IjFjNmZlOGIifQ%3D%3D\" href=\"https:\/\/martinebessiere.com\/wp-content\/uploads\/2019\/11\/Leau.30x30-2019-scaled-e1589378971857.jpg\"><figure class=\"swiper-slide-inner\"><img decoding=\"async\" class=\"swiper-slide-image\" src=\"https:\/\/martinebessiere.com\/wp-content\/uploads\/2019\/11\/Leau.30x30-2019-scaled-e1589378971857-300x300.jpg\" alt=\"L&#039;eau\" \/><\/figure><\/a><\/div><div class=\"swiper-slide\" role=\"group\" aria-roledescription=\"slide\" aria-label=\"14 sur 14\"><a data-elementor-open-lightbox=\"yes\" data-elementor-lightbox-slideshow=\"1c6fe8b\" data-elementor-lightbox-title=\"Jardin en hiver\" data-elementor-lightbox-description=\"Peinture \u00e0 la cire sur bois, format 20x30 cm, 2020\" data-e-action-hash=\"#elementor-action%3Aaction%3Dlightbox%26settings%3DeyJpZCI6MjEwMywidXJsIjoiaHR0cHM6XC9cL21hcnRpbmViZXNzaWVyZS5jb21cL3dwLWNvbnRlbnRcL3VwbG9hZHNcLzIwMTlcLzExXC9JTUdfNzAyNi1jb3BpZS1lMTU4OTM3OTcwMTI0Mi5qcGciLCJzbGlkZXNob3ciOiIxYzZmZThiIn0%3D\" href=\"https:\/\/martinebessiere.com\/wp-content\/uploads\/2019\/11\/IMG_7026-copie-e1589379701242.jpg\"><figure class=\"swiper-slide-inner\"><img decoding=\"async\" class=\"swiper-slide-image\" src=\"https:\/\/martinebessiere.com\/wp-content\/uploads\/2019\/11\/IMG_7026-copie-e1589379701242-300x300.jpg\" alt=\"Jardin en hiver\" \/><\/figure><\/a><\/div>\t\t\t<\/div>\n\t\t\t\t\t\t\t\t\t\t\t\t<div class=\"elementor-swiper-button elementor-swiper-button-prev\" role=\"button\" tabindex=\"0\">\n\t\t\t\t\t\t<i aria-hidden=\"true\" class=\"eicon-chevron-left\"><\/i>\t\t\t\t\t<\/div>\n\t\t\t\t\t<div class=\"elementor-swiper-button elementor-swiper-button-next\" role=\"button\" tabindex=\"0\">\n\t\t\t\t\t\t<i aria-hidden=\"true\" class=\"eicon-chevron-right\"><\/i>\t\t\t\t\t<\/div>\n\t\t\t\t\n\t\t\t\t\t\t\t\t\t<div class=\"swiper-pagination\"><\/div>\n\t\t\t\t\t\t\t\t\t<\/div>\n\t\t\t\t\t\t<\/div>\n\t\t\t\t<\/div>\n\t\t\t\t\t<\/div>\n\t\t<\/div>\n\t\t\t\t\t<\/div>\n\t\t<\/section>\n\t\t\t\t<\/div>\n\t\t","protected":false},"excerpt":{"rendered":"<p>Pr\u00e9c\u00e9dent Suivant<\/p>\n","protected":false},"author":2,"featured_media":0,"parent":0,"menu_order":0,"comment_status":"closed","ping_status":"closed","template":"","meta":{"_vp_format_video_url":"","_vp_image_focal_point":[],"footnotes":""},"class_list":["post-1744","page","type-page","status-publish","hentry"],"jetpack_sharing_enabled":true,"_links":{"self":[{"href":"https:\/\/martinebessiere.com\/index.php\/wp-json\/wp\/v2\/pages\/1744","targetHints":{"allow":["GET"]}}],"collection":[{"href":"https:\/\/martinebessiere.com\/index.php\/wp-json\/wp\/v2\/pages"}],"about":[{"href":"https:\/\/martinebessiere.com\/index.php\/wp-json\/wp\/v2\/types\/page"}],"author":[{"embeddable":true,"href":"https:\/\/martinebessiere.com\/index.php\/wp-json\/wp\/v2\/users\/2"}],"replies":[{"embeddable":true,"href":"https:\/\/martinebessiere.com\/index.php\/wp-json\/wp\/v2\/comments?post=1744"}],"version-history":[{"count":22,"href":"https:\/\/martinebessiere.com\/index.php\/wp-json\/wp\/v2\/pages\/1744\/revisions"}],"predecessor-version":[{"id":2682,"href":"https:\/\/martinebessiere.com\/index.php\/wp-json\/wp\/v2\/pages\/1744\/revisions\/2682"}],"wp:attachment":[{"href":"https:\/\/martinebessiere.com\/index.php\/wp-json\/wp\/v2\/media?parent=1744"}],"curies":[{"name":"wp","href":"https:\/\/api.w.org\/{rel}","templated":true}]}}